{"id":49436,"date":"2025-10-05T11:34:01","date_gmt":"2025-10-05T08:34:01","guid":{"rendered":"https:\/\/www.a8bilisim.com\/index.php\/urun\/cooper-mcim-elektronik-adreslenebilir-mini-giri-zleme-modl-dahili-ksa-mcim_cooper-kar61076\/"},"modified":"2026-01-03T05:26:12","modified_gmt":"2026-01-03T02:26:12","slug":"cooper-mcim-elektronik-adreslenebilir-mini-giri-zleme-modl-dahili-ksa-mcim_cooper-kar61076","status":"publish","type":"product","link":"https:\/\/www.a8bilisim.com\/index.php\/urun\/cooper-mcim-elektronik-adreslenebilir-mini-giri-zleme-modl-dahili-ksa-mcim_cooper-kar61076\/","title":{"rendered":"COOPER MCIM Elektronik Adreslenebilir Mini Giri&#x15F; &#x130;zleme Mod&#xFC;l&#xFC;, Dahili K&#x131;sa \/ MCIM_cooper-KAR61076"},"content":{"rendered":"<p>\u00dcr\u00fcn Ad\u0131: COOPER MCIM Elektronik Adreslenebilir Mini Giri&#x15F; &#x130;zleme Mod&#xFC;l&#xFC;, Dahili K&#x131;sa<\/p>\n<p>Stok No: KAR61076<\/p>\n<p>Stok Kodu:MCIM_cooper<\/p>\n<p>Kategori Ad\u0131: Adresli Yang&#x131;n Alarm&#x131;<\/p>\n<p>Marka:\u00a0 COOPER<\/p>\n<p>EAN Kodu: 5018986720299<\/p>\n<p><strong>Stoklar\u0131m\u0131zdaki Anl\u0131k De\u011fi\u015fimlerden Dolay\u0131 \u0130stedi\u011finiz \u00fcr\u00fcn\u00fcn stokta kalmamas\u0131 durumunda sipari\u015finiz iptal edilip \u00dccretiniz iade edilecek ve konu hakk\u0131nda size bilgi verilecektir.<\/strong><\/p>\n<p>Son G\u00fcncellenme Tarihi :03-01-2026 00:37<\/p>\n<p>&nbsp;<\/p>\n","protected":false},"excerpt":{"rendered":"<p>COOPER MCIM Elektronik Adreslenebilir Mini Giri&#x15F; &#x130;zleme Mod&#xFC;l&#xFC;, Dahili K&#x131;sa &#8211; Stok Kodu:MCIM_cooper -KAR61076 &#8211; Adresli Yang&#x131;n Alarm&#x131;. Son G\u00fcncellenme Tarihi :03-01-2026 00:37<\/p>\n","protected":false},"featured_media":49438,"template":"","meta":{"_monsterinsights_skip_tracking":false,"_monsterinsights_sitenote_active":false,"_monsterinsights_sitenote_note":"","_monsterinsights_sitenote_category":0,"_joinchat":[]},"product_brand":[570],"product_cat":[229],"product_tag":[127,128,129,130,131,132,133,134,135,136,137,138,139,140,141,142,143,144,145],"class_list":{"0":"post-49436","1":"product","2":"type-product","3":"status-publish","4":"has-post-thumbnail","6":"product_brand-cooper","7":"product_cat-yangn-gvenlik-sistemleri","8":"product_tag-anakart","9":"product_tag-bilgisayar","10":"product_tag-bilgisayar-bilesenleri","11":"product_tag-bilgisayar-parcalari","12":"product_tag-dizustu-bilgisayar","13":"product_tag-ekran-karti","14":"product_tag-gaming-bilgisayar","15":"product_tag-gaming-laptop","16":"product_tag-gaming-monitor","17":"product_tag-gaming-mouse","18":"product_tag-guc-kaynagi-psu","19":"product_tag-islemci-cpu","20":"product_tag-klavye","21":"product_tag-laptop","22":"product_tag-masaustu-bilgisayar","23":"product_tag-mekanik-klavye","24":"product_tag-monitor","25":"product_tag-oyun-bilgisayari","26":"product_tag-ssd","27":"pa_marka-cooper","29":"first","30":"outofstock","31":"purchasable","32":"product-type-simple"},"aioseo_notices":[],"_links":{"self":[{"href":"https:\/\/www.a8bilisim.com\/index.php\/wp-json\/wp\/v2\/product\/49436","targetHints":{"allow":["GET"]}}],"collection":[{"href":"https:\/\/www.a8bilisim.com\/index.php\/wp-json\/wp\/v2\/product"}],"about":[{"href":"https:\/\/www.a8bilisim.com\/index.php\/wp-json\/wp\/v2\/types\/product"}],"version-history":[{"count":62,"href":"https:\/\/www.a8bilisim.com\/index.php\/wp-json\/wp\/v2\/product\/49436\/revisions"}],"predecessor-version":[{"id":405124,"href":"https:\/\/www.a8bilisim.com\/index.php\/wp-json\/wp\/v2\/product\/49436\/revisions\/405124"}],"wp:featuredmedia":[{"embeddable":true,"href":"https:\/\/www.a8bilisim.com\/index.php\/wp-json\/wp\/v2\/media\/49438"}],"wp:attachment":[{"href":"https:\/\/www.a8bilisim.com\/index.php\/wp-json\/wp\/v2\/media?parent=49436"}],"wp:term":[{"taxonomy":"product_brand","embeddable":true,"href":"https:\/\/www.a8bilisim.com\/index.php\/wp-json\/wp\/v2\/product_brand?post=49436"},{"taxonomy":"product_cat","embeddable":true,"href":"https:\/\/www.a8bilisim.com\/index.php\/wp-json\/wp\/v2\/product_cat?post=49436"},{"taxonomy":"product_tag","embeddable":true,"href":"https:\/\/www.a8bilisim.com\/index.php\/wp-json\/wp\/v2\/product_tag?post=49436"}],"curies":[{"name":"wp","href":"https:\/\/api.w.org\/{rel}","templated":true}]}}