{"id":500290,"date":"2026-02-03T05:24:53","date_gmt":"2026-02-03T02:24:53","guid":{"rendered":"https:\/\/www.a8bilisim.com\/index.php\/urun\/reyee-rg-es205gc-p-5-port-10-100-1000-gigabit-ynet-switch-4-port-poe-54w-net-swi-poe-var-0020-ivt43340\/"},"modified":"2026-05-14T06:00:32","modified_gmt":"2026-05-14T03:00:32","slug":"reyee-rg-es205gc-p-5-port-10-100-1000-gigabit-ynet-switch-4-port-poe-54w-net-swi-poe-var-0020-ivt43340","status":"publish","type":"product","link":"https:\/\/www.a8bilisim.com\/index.php\/urun\/reyee-rg-es205gc-p-5-port-10-100-1000-gigabit-ynet-switch-4-port-poe-54w-net-swi-poe-var-0020-ivt43340\/","title":{"rendered":"Reyee RG-ES205GC-P 5 Port 10\/100\/1000 Gigabit Y&#xF6;net.Switch 4 Port PoE+ (54W) \/ Net.Swi.Poe.Var.0020-IVT43340"},"content":{"rendered":"<p>\u00dcr\u00fcn Ad\u0131: Reyee RG-ES205GC-P 5 Port 10\/100\/1000 Gigabit Y&#xF6;net.Switch 4 Port PoE+ (54W)<\/p>\n<p><span dir=\"auto\" style=\"vertical-align: inherit;\"><span dir=\"auto\" style=\"vertical-align: inherit;\">Stok No: IVT43340<\/span><\/span><\/p>\n<p>Stok Kodu:Net.Swi.Poe.Var.0020<\/p>\n<p>Kategori Ad\u0131: PoE Switch<\/p>\n<p><span dir=\"auto\" style=\"vertical-align: inherit;\"><span dir=\"auto\" style=\"vertical-align: inherit;\">EAN Kodu: <\/span><\/span><\/p>\n<p><strong>Stoklar\u0131m\u0131zdaki Anl\u0131k De\u011fi\u015fimlerden Dolay\u0131 \u0130stedi\u011finiz \u00fcr\u00fcn\u00fcn stokta kalmamas\u0131 durumunda sipari\u015finiz iptal edilip \u00dccretiniz iade edilecek ve konu hakk\u0131nda size bilgi verilecektir.<\/strong><\/p>\n<p>Son G\u00fcncellenme Tarihi :13-05-2026 03:00<\/p>\n<p>&nbsp;<\/p>\n","protected":false},"excerpt":{"rendered":"<p>Reyee RG-ES205GC-P 5 Port 10\/100\/1000 Gigabit Y&#xF6;net.Switch 4 Port PoE+ (54W) &#8211; Stok Kodu:Net.Swi.Poe.Var.0020 -IVT43340 &#8211; PoE Switch. Son G\u00fcncellenme Tarihi :13-05-2026 03:00<\/p>\n","protected":false},"featured_media":500292,"template":"","meta":{"_monsterinsights_skip_tracking":false,"_monsterinsights_sitenote_active":false,"_monsterinsights_sitenote_note":"","_monsterinsights_sitenote_category":0,"_joinchat":[]},"product_brand":[403],"product_cat":[257],"product_tag":[127,128,129,130,131,132,133,134,135,136,137,138,139,140,141,142,143,144,145],"class_list":{"0":"post-500290","1":"product","2":"type-product","3":"status-publish","4":"has-post-thumbnail","6":"product_brand-rujie","7":"product_cat-switch","8":"product_tag-anakart","9":"product_tag-bilgisayar","10":"product_tag-bilgisayar-bilesenleri","11":"product_tag-bilgisayar-parcalari","12":"product_tag-dizustu-bilgisayar","13":"product_tag-ekran-karti","14":"product_tag-gaming-bilgisayar","15":"product_tag-gaming-laptop","16":"product_tag-gaming-monitor","17":"product_tag-gaming-mouse","18":"product_tag-guc-kaynagi-psu","19":"product_tag-islemci-cpu","20":"product_tag-klavye","21":"product_tag-laptop","22":"product_tag-masaustu-bilgisayar","23":"product_tag-mekanik-klavye","24":"product_tag-monitor","25":"product_tag-oyun-bilgisayari","26":"product_tag-ssd","27":"pa_marka-rujie","29":"first","30":"outofstock","31":"sale","32":"purchasable","33":"product-type-simple"},"aioseo_notices":[],"_links":{"self":[{"href":"https:\/\/www.a8bilisim.com\/index.php\/wp-json\/wp\/v2\/product\/500290","targetHints":{"allow":["GET"]}}],"collection":[{"href":"https:\/\/www.a8bilisim.com\/index.php\/wp-json\/wp\/v2\/product"}],"about":[{"href":"https:\/\/www.a8bilisim.com\/index.php\/wp-json\/wp\/v2\/types\/product"}],"version-history":[{"count":92,"href":"https:\/\/www.a8bilisim.com\/index.php\/wp-json\/wp\/v2\/product\/500290\/revisions"}],"predecessor-version":[{"id":743386,"href":"https:\/\/www.a8bilisim.com\/index.php\/wp-json\/wp\/v2\/product\/500290\/revisions\/743386"}],"wp:featuredmedia":[{"embeddable":true,"href":"https:\/\/www.a8bilisim.com\/index.php\/wp-json\/wp\/v2\/media\/500292"}],"wp:attachment":[{"href":"https:\/\/www.a8bilisim.com\/index.php\/wp-json\/wp\/v2\/media?parent=500290"}],"wp:term":[{"taxonomy":"product_brand","embeddable":true,"href":"https:\/\/www.a8bilisim.com\/index.php\/wp-json\/wp\/v2\/product_brand?post=500290"},{"taxonomy":"product_cat","embeddable":true,"href":"https:\/\/www.a8bilisim.com\/index.php\/wp-json\/wp\/v2\/product_cat?post=500290"},{"taxonomy":"product_tag","embeddable":true,"href":"https:\/\/www.a8bilisim.com\/index.php\/wp-json\/wp\/v2\/product_tag?post=500290"}],"curies":[{"name":"wp","href":"https:\/\/api.w.org\/{rel}","templated":true}]}}