{"id":550544,"date":"2026-02-21T05:25:00","date_gmt":"2026-02-21T02:25:00","guid":{"rendered":"https:\/\/www.a8bilisim.com\/index.php\/urun\/gigabyte-a520m-k-v2-1-0-a520-ddr4-vga-glan-matx-hdmi-m2-usb3-1-am4-amd-anakart-33462-gun4719331852771\/"},"modified":"2026-04-17T06:12:49","modified_gmt":"2026-04-17T03:12:49","slug":"gigabyte-a520m-k-v2-1-0-a520-ddr4-vga-glan-matx-hdmi-m2-usb3-1-am4-amd-anakart-33462-gun4719331852771","status":"publish","type":"product","link":"https:\/\/www.a8bilisim.com\/index.php\/urun\/gigabyte-a520m-k-v2-1-0-a520-ddr4-vga-glan-matx-hdmi-m2-usb3-1-am4-amd-anakart-33462-gun4719331852771\/","title":{"rendered":"GIGABYTE A520M K V2 1.0 A520 DDR4 Vga GLan mATX HDMI M2 USB3.1 AM4 AMD Anakart \/ 33462-GUN4719331852771"},"content":{"rendered":"<p>\u00dcr\u00fcn Ad\u0131: GIGABYTE A520M K V2 1.0 A520 DDR4 Vga GLan mATX HDMI M2 USB3.1 AM4 AMD Anakart<\/p>\n<p><span dir=\"auto\" style=\"vertical-align: inherit;\"><span dir=\"auto\" style=\"vertical-align: inherit;\">Stok No: GUN4719331852771<\/span><\/span><\/p>\n<p>Stok Kodu:33462<\/p>\n<p>Kategori Ad\u0131: Anakartlar<\/p>\n<p><span dir=\"auto\" style=\"vertical-align: inherit;\"><span dir=\"auto\" style=\"vertical-align: inherit;\">EAN Kodu: <\/span><\/span><\/p>\n<p><strong>Stoklar\u0131m\u0131zdaki Anl\u0131k De\u011fi\u015fimlerden Dolay\u0131 \u0130stedi\u011finiz \u00fcr\u00fcn\u00fcn stokta kalmamas\u0131 durumunda sipari\u015finiz iptal edilip \u00dccretiniz iade edilecek ve konu hakk\u0131nda size bilgi verilecektir.<\/strong><\/p>\n<p>Son G\u00fcncellenme Tarihi :17-04-2026 02:30<\/p>\n<p>&nbsp;<\/p>\n","protected":false},"excerpt":{"rendered":"<p>GIGABYTE A520M K V2 1.0 A520 DDR4 Vga GLan mATX HDMI M2 USB3.1 AM4 AMD Anakart &#8211; Stok Kodu:33462 -GUN4719331852771 &#8211; Anakartlar. Son G\u00fcncellenme Tarihi :17-04-2026 02:30<\/p>\n","protected":false},"featured_media":550546,"template":"","meta":{"_monsterinsights_skip_tracking":false,"_monsterinsights_sitenote_active":false,"_monsterinsights_sitenote_note":"","_monsterinsights_sitenote_category":0,"_joinchat":[]},"product_brand":[405],"product_cat":[382],"product_tag":[127,128,129,130,131,132,133,134,135,136,137,138,139,140,141,142,143,144,145],"class_list":{"0":"post-550544","1":"product","2":"type-product","3":"status-publish","4":"has-post-thumbnail","6":"product_brand-gigabyte","7":"product_cat-anakartlar","8":"product_tag-anakart","9":"product_tag-bilgisayar","10":"product_tag-bilgisayar-bilesenleri","11":"product_tag-bilgisayar-parcalari","12":"product_tag-dizustu-bilgisayar","13":"product_tag-ekran-karti","14":"product_tag-gaming-bilgisayar","15":"product_tag-gaming-laptop","16":"product_tag-gaming-monitor","17":"product_tag-gaming-mouse","18":"product_tag-guc-kaynagi-psu","19":"product_tag-islemci-cpu","20":"product_tag-klavye","21":"product_tag-laptop","22":"product_tag-masaustu-bilgisayar","23":"product_tag-mekanik-klavye","24":"product_tag-monitor","25":"product_tag-oyun-bilgisayari","26":"product_tag-ssd","27":"pa_marka-gigabyte","29":"first","30":"instock","31":"sale","32":"purchasable","33":"product-type-simple"},"aioseo_notices":[],"_links":{"self":[{"href":"https:\/\/www.a8bilisim.com\/index.php\/wp-json\/wp\/v2\/product\/550544","targetHints":{"allow":["GET"]}}],"collection":[{"href":"https:\/\/www.a8bilisim.com\/index.php\/wp-json\/wp\/v2\/product"}],"about":[{"href":"https:\/\/www.a8bilisim.com\/index.php\/wp-json\/wp\/v2\/types\/product"}],"version-history":[{"count":53,"href":"https:\/\/www.a8bilisim.com\/index.php\/wp-json\/wp\/v2\/product\/550544\/revisions"}],"predecessor-version":[{"id":697411,"href":"https:\/\/www.a8bilisim.com\/index.php\/wp-json\/wp\/v2\/product\/550544\/revisions\/697411"}],"wp:featuredmedia":[{"embeddable":true,"href":"https:\/\/www.a8bilisim.com\/index.php\/wp-json\/wp\/v2\/media\/550546"}],"wp:attachment":[{"href":"https:\/\/www.a8bilisim.com\/index.php\/wp-json\/wp\/v2\/media?parent=550544"}],"wp:term":[{"taxonomy":"product_brand","embeddable":true,"href":"https:\/\/www.a8bilisim.com\/index.php\/wp-json\/wp\/v2\/product_brand?post=550544"},{"taxonomy":"product_cat","embeddable":true,"href":"https:\/\/www.a8bilisim.com\/index.php\/wp-json\/wp\/v2\/product_cat?post=550544"},{"taxonomy":"product_tag","embeddable":true,"href":"https:\/\/www.a8bilisim.com\/index.php\/wp-json\/wp\/v2\/product_tag?post=550544"}],"curies":[{"name":"wp","href":"https:\/\/api.w.org\/{rel}","templated":true}]}}