{"id":559246,"date":"2026-02-24T05:26:19","date_gmt":"2026-02-24T02:26:19","guid":{"rendered":"https:\/\/www.a8bilisim.com\/index.php\/urun\/frisby-fk-4850qu-mm-kablolu-klavye-mouse-set-fk-4850qu-kar57283\/"},"modified":"2026-04-18T06:14:31","modified_gmt":"2026-04-18T03:14:31","slug":"frisby-fk-4850qu-mm-kablolu-klavye-mouse-set-fk-4850qu-kar57283","status":"publish","type":"product","link":"https:\/\/www.a8bilisim.com\/index.php\/urun\/frisby-fk-4850qu-mm-kablolu-klavye-mouse-set-fk-4850qu-kar57283\/","title":{"rendered":"FRISBY FK-4850QU MM KABLOLU KLAVYE MOUSE SET \/ FK-4850QU-KAR57283"},"content":{"rendered":"<p>\u00dcr\u00fcn Ad\u0131: FRISBY FK-4850QU MM KABLOLU KLAVYE MOUSE SET<\/p>\n<p><span dir=\"auto\" style=\"vertical-align: inherit;\"><span dir=\"auto\" style=\"vertical-align: inherit;\">Stok No: KAR57283<\/span><\/span><\/p>\n<p>Stok Kodu:FK-4850QU<\/p>\n<p>Kategori Ad\u0131: Kablolu Set<\/p>\n<p><span dir=\"auto\" style=\"vertical-align: inherit;\"><span dir=\"auto\" style=\"vertical-align: inherit;\">EAN Kodu: 6903448506094<\/span><\/span><\/p>\n<p><strong>Stoklar\u0131m\u0131zdaki Anl\u0131k De\u011fi\u015fimlerden Dolay\u0131 \u0130stedi\u011finiz \u00fcr\u00fcn\u00fcn stokta kalmamas\u0131 durumunda sipari\u015finiz iptal edilip \u00dccretiniz iade edilecek ve konu hakk\u0131nda size bilgi verilecektir.<\/strong><\/p>\n<p>Son G\u00fcncellenme Tarihi :18-04-2026 02:36<\/p>\n<p>&nbsp;<\/p>\n","protected":false},"excerpt":{"rendered":"<p>FRISBY FK-4850QU MM KABLOLU KLAVYE MOUSE SET &#8211; Stok Kodu:FK-4850QU -KAR57283 &#8211; Kablolu Set. Son G\u00fcncellenme Tarihi :18-04-2026 02:36<\/p>\n","protected":false},"featured_media":559248,"template":"","meta":{"_monsterinsights_skip_tracking":false,"_monsterinsights_sitenote_active":false,"_monsterinsights_sitenote_note":"","_monsterinsights_sitenote_category":0,"_joinchat":[]},"product_brand":[161],"product_cat":[170],"product_tag":[127,128,129,130,131,132,133,134,135,136,137,138,139,140,141,142,143,144,145],"class_list":{"0":"post-559246","1":"product","2":"type-product","3":"status-publish","4":"has-post-thumbnail","6":"product_brand-frisby","7":"product_cat-klavye-seti","8":"product_tag-anakart","9":"product_tag-bilgisayar","10":"product_tag-bilgisayar-bilesenleri","11":"product_tag-bilgisayar-parcalari","12":"product_tag-dizustu-bilgisayar","13":"product_tag-ekran-karti","14":"product_tag-gaming-bilgisayar","15":"product_tag-gaming-laptop","16":"product_tag-gaming-monitor","17":"product_tag-gaming-mouse","18":"product_tag-guc-kaynagi-psu","19":"product_tag-islemci-cpu","20":"product_tag-klavye","21":"product_tag-laptop","22":"product_tag-masaustu-bilgisayar","23":"product_tag-mekanik-klavye","24":"product_tag-monitor","25":"product_tag-oyun-bilgisayari","26":"product_tag-ssd","27":"pa_marka-frisby","29":"first","30":"instock","31":"sale","32":"purchasable","33":"product-type-simple"},"aioseo_notices":[],"_links":{"self":[{"href":"https:\/\/www.a8bilisim.com\/index.php\/wp-json\/wp\/v2\/product\/559246","targetHints":{"allow":["GET"]}}],"collection":[{"href":"https:\/\/www.a8bilisim.com\/index.php\/wp-json\/wp\/v2\/product"}],"about":[{"href":"https:\/\/www.a8bilisim.com\/index.php\/wp-json\/wp\/v2\/types\/product"}],"version-history":[{"count":53,"href":"https:\/\/www.a8bilisim.com\/index.php\/wp-json\/wp\/v2\/product\/559246\/revisions"}],"predecessor-version":[{"id":700113,"href":"https:\/\/www.a8bilisim.com\/index.php\/wp-json\/wp\/v2\/product\/559246\/revisions\/700113"}],"wp:featuredmedia":[{"embeddable":true,"href":"https:\/\/www.a8bilisim.com\/index.php\/wp-json\/wp\/v2\/media\/559248"}],"wp:attachment":[{"href":"https:\/\/www.a8bilisim.com\/index.php\/wp-json\/wp\/v2\/media?parent=559246"}],"wp:term":[{"taxonomy":"product_brand","embeddable":true,"href":"https:\/\/www.a8bilisim.com\/index.php\/wp-json\/wp\/v2\/product_brand?post=559246"},{"taxonomy":"product_cat","embeddable":true,"href":"https:\/\/www.a8bilisim.com\/index.php\/wp-json\/wp\/v2\/product_cat?post=559246"},{"taxonomy":"product_tag","embeddable":true,"href":"https:\/\/www.a8bilisim.com\/index.php\/wp-json\/wp\/v2\/product_tag?post=559246"}],"curies":[{"name":"wp","href":"https:\/\/api.w.org\/{rel}","templated":true}]}}