{"id":578015,"date":"2026-03-03T05:20:41","date_gmt":"2026-03-03T02:20:41","guid":{"rendered":"https:\/\/www.a8bilisim.com\/index.php\/urun\/hp-pro-tower-400-g9-i7-13700-16gb-512gb-ssd-ob-vga-fdos-pc-6u4t6ea-6u4t6ea-akn48357\/"},"modified":"2026-03-03T05:20:45","modified_gmt":"2026-03-03T02:20:45","slug":"hp-pro-tower-400-g9-i7-13700-16gb-512gb-ssd-ob-vga-fdos-pc-6u4t6ea-6u4t6ea-akn48357","status":"publish","type":"product","link":"https:\/\/www.a8bilisim.com\/index.php\/urun\/hp-pro-tower-400-g9-i7-13700-16gb-512gb-ssd-ob-vga-fdos-pc-6u4t6ea-6u4t6ea-akn48357\/","title":{"rendered":"HP Pro Tower 400 G9 [i7-13700] 16GB 512GB SSD OB VGA FDos PC [6U4T6EA] \/ 6U4T6EA-AKN48357"},"content":{"rendered":"<p>\u00dcr\u00fcn Ad\u0131: HP Pro Tower 400 G9 [i7-13700] 16GB 512GB SSD OB VGA FDos PC [6U4T6EA]<\/p>\n<p><span dir=\"auto\" style=\"vertical-align: inherit;\"><span dir=\"auto\" style=\"vertical-align: inherit;\">Stok No: AKN48357<\/span><\/span><\/p>\n<p>Stok Kodu:6U4T6EA<\/p>\n<p>Kategori Ad\u0131: Masa&#xFC;st&#xFC; PC<\/p>\n<p><span dir=\"auto\" style=\"vertical-align: inherit;\"><span dir=\"auto\" style=\"vertical-align: inherit;\">EAN Kodu: <\/span><\/span><\/p>\n<p><strong>Stoklar\u0131m\u0131zdaki Anl\u0131k De\u011fi\u015fimlerden Dolay\u0131 \u0130stedi\u011finiz \u00fcr\u00fcn\u00fcn stokta kalmamas\u0131 durumunda sipari\u015finiz iptal edilip \u00dccretiniz iade edilecek ve konu hakk\u0131nda size bilgi verilecektir.<\/strong><\/p>\n<p>Son G\u00fcncellenme Tarihi :03-03-2026 00:32<\/p>\n<p>&nbsp;<\/p>\n","protected":false},"excerpt":{"rendered":"<p>HP Pro Tower 400 G9 [i7-13700] 16GB 512GB SSD OB VGA FDos PC [6U4T6EA] &#8211; Stok Kodu:6U4T6EA -AKN48357 &#8211; Masa&#xFC;st&#xFC; PC. Son G\u00fcncellenme Tarihi :03-03-2026 00:32<\/p>\n","protected":false},"featured_media":578017,"template":"","meta":{"_monsterinsights_skip_tracking":false,"_monsterinsights_sitenote_active":false,"_monsterinsights_sitenote_note":"","_monsterinsights_sitenote_category":0,"_joinchat":[]},"product_brand":[361],"product_cat":[459],"product_tag":[127,128,129,130,131,132,133,134,135,136,137,138,139,140,141,142,143,144,145],"class_list":{"0":"post-578015","1":"product","2":"type-product","3":"status-publish","4":"has-post-thumbnail","6":"product_brand-hp","7":"product_cat-masast-pc","8":"product_tag-anakart","9":"product_tag-bilgisayar","10":"product_tag-bilgisayar-bilesenleri","11":"product_tag-bilgisayar-parcalari","12":"product_tag-dizustu-bilgisayar","13":"product_tag-ekran-karti","14":"product_tag-gaming-bilgisayar","15":"product_tag-gaming-laptop","16":"product_tag-gaming-monitor","17":"product_tag-gaming-mouse","18":"product_tag-guc-kaynagi-psu","19":"product_tag-islemci-cpu","20":"product_tag-klavye","21":"product_tag-laptop","22":"product_tag-masaustu-bilgisayar","23":"product_tag-mekanik-klavye","24":"product_tag-monitor","25":"product_tag-oyun-bilgisayari","26":"product_tag-ssd","27":"pa_marka-hp","29":"first","30":"outofstock","31":"sale","32":"purchasable","33":"product-type-simple"},"aioseo_notices":[],"_links":{"self":[{"href":"https:\/\/www.a8bilisim.com\/index.php\/wp-json\/wp\/v2\/product\/578015","targetHints":{"allow":["GET"]}}],"collection":[{"href":"https:\/\/www.a8bilisim.com\/index.php\/wp-json\/wp\/v2\/product"}],"about":[{"href":"https:\/\/www.a8bilisim.com\/index.php\/wp-json\/wp\/v2\/types\/product"}],"version-history":[{"count":1,"href":"https:\/\/www.a8bilisim.com\/index.php\/wp-json\/wp\/v2\/product\/578015\/revisions"}],"predecessor-version":[{"id":578016,"href":"https:\/\/www.a8bilisim.com\/index.php\/wp-json\/wp\/v2\/product\/578015\/revisions\/578016"}],"wp:featuredmedia":[{"embeddable":true,"href":"https:\/\/www.a8bilisim.com\/index.php\/wp-json\/wp\/v2\/media\/578017"}],"wp:attachment":[{"href":"https:\/\/www.a8bilisim.com\/index.php\/wp-json\/wp\/v2\/media?parent=578015"}],"wp:term":[{"taxonomy":"product_brand","embeddable":true,"href":"https:\/\/www.a8bilisim.com\/index.php\/wp-json\/wp\/v2\/product_brand?post=578015"},{"taxonomy":"product_cat","embeddable":true,"href":"https:\/\/www.a8bilisim.com\/index.php\/wp-json\/wp\/v2\/product_cat?post=578015"},{"taxonomy":"product_tag","embeddable":true,"href":"https:\/\/www.a8bilisim.com\/index.php\/wp-json\/wp\/v2\/product_tag?post=578015"}],"curies":[{"name":"wp","href":"https:\/\/api.w.org\/{rel}","templated":true}]}}