{"id":578023,"date":"2026-03-03T05:20:47","date_gmt":"2026-03-03T02:20:47","guid":{"rendered":"https:\/\/www.a8bilisim.com\/index.php\/urun\/asus-tuf-gaming-z890-plus-wifi-1851p-ddr5-9066-usb4-4xm2-hdmi-dp-wifi7-bt-atx-90mb1iq0-m0eay0-akn48379\/"},"modified":"2026-03-03T05:20:49","modified_gmt":"2026-03-03T02:20:49","slug":"asus-tuf-gaming-z890-plus-wifi-1851p-ddr5-9066-usb4-4xm2-hdmi-dp-wifi7-bt-atx-90mb1iq0-m0eay0-akn48379","status":"publish","type":"product","link":"https:\/\/www.a8bilisim.com\/index.php\/urun\/asus-tuf-gaming-z890-plus-wifi-1851p-ddr5-9066-usb4-4xm2-hdmi-dp-wifi7-bt-atx-90mb1iq0-m0eay0-akn48379\/","title":{"rendered":"Asus TUF GAMING Z890-PLUS WIFI 1851P DDR5 9066 USB4 4xM2 HDMI DP Wifi7 BT ATX \/ 90MB1IQ0-M0EAY0-AKN48379"},"content":{"rendered":"<p>\u00dcr\u00fcn Ad\u0131: Asus TUF GAMING Z890-PLUS WIFI 1851P DDR5 9066 USB4 4xM2 HDMI DP Wifi7 BT ATX<\/p>\n<p><span dir=\"auto\" style=\"vertical-align: inherit;\"><span dir=\"auto\" style=\"vertical-align: inherit;\">Stok No: AKN48379<\/span><\/span><\/p>\n<p>Stok Kodu:90MB1IQ0-M0EAY0<\/p>\n<p>Kategori Ad\u0131: Intel Anakartlar<\/p>\n<p><span dir=\"auto\" style=\"vertical-align: inherit;\"><span dir=\"auto\" style=\"vertical-align: inherit;\">EAN Kodu: <\/span><\/span><\/p>\n<p><strong>Stoklar\u0131m\u0131zdaki Anl\u0131k De\u011fi\u015fimlerden Dolay\u0131 \u0130stedi\u011finiz \u00fcr\u00fcn\u00fcn stokta kalmamas\u0131 durumunda sipari\u015finiz iptal edilip \u00dccretiniz iade edilecek ve konu hakk\u0131nda size bilgi verilecektir.<\/strong><\/p>\n<p>Son G\u00fcncellenme Tarihi :03-03-2026 00:32<\/p>\n<p>&nbsp;<\/p>\n","protected":false},"excerpt":{"rendered":"<p>Asus TUF GAMING Z890-PLUS WIFI 1851P DDR5 9066 USB4 4xM2 HDMI DP Wifi7 BT ATX &#8211; Stok Kodu:90MB1IQ0-M0EAY0 -AKN48379 &#8211; Intel Anakartlar. Son G\u00fcncellenme Tarihi :03-03-2026 00:32<\/p>\n","protected":false},"featured_media":578025,"template":"","meta":{"_monsterinsights_skip_tracking":false,"_monsterinsights_sitenote_active":false,"_monsterinsights_sitenote_note":"","_monsterinsights_sitenote_category":0,"_joinchat":[]},"product_brand":[194],"product_cat":[382],"product_tag":[127,128,129,130,131,132,133,134,135,136,137,138,139,140,141,142,143,144,145],"class_list":{"0":"post-578023","1":"product","2":"type-product","3":"status-publish","4":"has-post-thumbnail","6":"product_brand-asus","7":"product_cat-anakartlar","8":"product_tag-anakart","9":"product_tag-bilgisayar","10":"product_tag-bilgisayar-bilesenleri","11":"product_tag-bilgisayar-parcalari","12":"product_tag-dizustu-bilgisayar","13":"product_tag-ekran-karti","14":"product_tag-gaming-bilgisayar","15":"product_tag-gaming-laptop","16":"product_tag-gaming-monitor","17":"product_tag-gaming-mouse","18":"product_tag-guc-kaynagi-psu","19":"product_tag-islemci-cpu","20":"product_tag-klavye","21":"product_tag-laptop","22":"product_tag-masaustu-bilgisayar","23":"product_tag-mekanik-klavye","24":"product_tag-monitor","25":"product_tag-oyun-bilgisayari","26":"product_tag-ssd","27":"pa_marka-asus","29":"first","30":"outofstock","31":"sale","32":"purchasable","33":"product-type-simple"},"aioseo_notices":[],"_links":{"self":[{"href":"https:\/\/www.a8bilisim.com\/index.php\/wp-json\/wp\/v2\/product\/578023","targetHints":{"allow":["GET"]}}],"collection":[{"href":"https:\/\/www.a8bilisim.com\/index.php\/wp-json\/wp\/v2\/product"}],"about":[{"href":"https:\/\/www.a8bilisim.com\/index.php\/wp-json\/wp\/v2\/types\/product"}],"version-history":[{"count":1,"href":"https:\/\/www.a8bilisim.com\/index.php\/wp-json\/wp\/v2\/product\/578023\/revisions"}],"predecessor-version":[{"id":578024,"href":"https:\/\/www.a8bilisim.com\/index.php\/wp-json\/wp\/v2\/product\/578023\/revisions\/578024"}],"wp:featuredmedia":[{"embeddable":true,"href":"https:\/\/www.a8bilisim.com\/index.php\/wp-json\/wp\/v2\/media\/578025"}],"wp:attachment":[{"href":"https:\/\/www.a8bilisim.com\/index.php\/wp-json\/wp\/v2\/media?parent=578023"}],"wp:term":[{"taxonomy":"product_brand","embeddable":true,"href":"https:\/\/www.a8bilisim.com\/index.php\/wp-json\/wp\/v2\/product_brand?post=578023"},{"taxonomy":"product_cat","embeddable":true,"href":"https:\/\/www.a8bilisim.com\/index.php\/wp-json\/wp\/v2\/product_cat?post=578023"},{"taxonomy":"product_tag","embeddable":true,"href":"https:\/\/www.a8bilisim.com\/index.php\/wp-json\/wp\/v2\/product_tag?post=578023"}],"curies":[{"name":"wp","href":"https:\/\/api.w.org\/{rel}","templated":true}]}}