{"id":578127,"date":"2026-03-03T05:22:13","date_gmt":"2026-03-03T02:22:13","guid":{"rendered":"https:\/\/www.a8bilisim.com\/index.php\/urun\/msi-cyborg-15-a13ve-1479xtr-i7-13620h-16gb-512gb-ssd-15-6-6gb-rtx4050-vga-fdo-cyborg-15-a13ve-1479xtr-akn48397\/"},"modified":"2026-03-03T05:22:14","modified_gmt":"2026-03-03T02:22:14","slug":"msi-cyborg-15-a13ve-1479xtr-i7-13620h-16gb-512gb-ssd-15-6-6gb-rtx4050-vga-fdo-cyborg-15-a13ve-1479xtr-akn48397","status":"publish","type":"product","link":"https:\/\/www.a8bilisim.com\/index.php\/urun\/msi-cyborg-15-a13ve-1479xtr-i7-13620h-16gb-512gb-ssd-15-6-6gb-rtx4050-vga-fdo-cyborg-15-a13ve-1479xtr-akn48397\/","title":{"rendered":"MSI Cyborg 15 A13VE-1479XTR [i7-13620H] 16GB 512GB SSD 15.6&#8243; 6GB RTX4050 VGA FDo \/ CYBORG 15 A13VE-1479XTR-AKN48397"},"content":{"rendered":"<p>\u00dcr\u00fcn Ad\u0131: MSI Cyborg 15 A13VE-1479XTR [i7-13620H] 16GB 512GB SSD 15.6&#8243; 6GB RTX4050 VGA FDo<\/p>\n<p><span dir=\"auto\" style=\"vertical-align: inherit;\"><span dir=\"auto\" style=\"vertical-align: inherit;\">Stok No: AKN48397<\/span><\/span><\/p>\n<p>Stok Kodu:CYBORG 15 A13VE-1479XTR<\/p>\n<p>Kategori Ad\u0131: Notebooklar<\/p>\n<p><span dir=\"auto\" style=\"vertical-align: inherit;\"><span dir=\"auto\" style=\"vertical-align: inherit;\">EAN Kodu: <\/span><\/span><\/p>\n<p><strong>Stoklar\u0131m\u0131zdaki Anl\u0131k De\u011fi\u015fimlerden Dolay\u0131 \u0130stedi\u011finiz \u00fcr\u00fcn\u00fcn stokta kalmamas\u0131 durumunda sipari\u015finiz iptal edilip \u00dccretiniz iade edilecek ve konu hakk\u0131nda size bilgi verilecektir.<\/strong><\/p>\n<p>Son G\u00fcncellenme Tarihi :03-03-2026 00:32<\/p>\n<p>&nbsp;<\/p>\n","protected":false},"excerpt":{"rendered":"<p>MSI Cyborg 15 A13VE-1479XTR [i7-13620H] 16GB 512GB SSD 15.6&#8243; 6GB RTX4050 VGA FDo &#8211; Stok Kodu:CYBORG 15 A13VE-1479XTR -AKN48397 &#8211; Notebooklar. Son G\u00fcncellenme Tarihi :03-03-2026 00:32<\/p>\n","protected":false},"featured_media":578129,"template":"","meta":{"_monsterinsights_skip_tracking":false,"_monsterinsights_sitenote_active":false,"_monsterinsights_sitenote_note":"","_monsterinsights_sitenote_category":0,"_joinchat":[]},"product_brand":[236],"product_cat":[290],"product_tag":[127,128,129,130,131,132,133,134,135,136,137,138,139,140,141,142,143,144,145],"class_list":{"0":"post-578127","1":"product","2":"type-product","3":"status-publish","4":"has-post-thumbnail","6":"product_brand-msi","7":"product_cat-notebook","8":"product_tag-anakart","9":"product_tag-bilgisayar","10":"product_tag-bilgisayar-bilesenleri","11":"product_tag-bilgisayar-parcalari","12":"product_tag-dizustu-bilgisayar","13":"product_tag-ekran-karti","14":"product_tag-gaming-bilgisayar","15":"product_tag-gaming-laptop","16":"product_tag-gaming-monitor","17":"product_tag-gaming-mouse","18":"product_tag-guc-kaynagi-psu","19":"product_tag-islemci-cpu","20":"product_tag-klavye","21":"product_tag-laptop","22":"product_tag-masaustu-bilgisayar","23":"product_tag-mekanik-klavye","24":"product_tag-monitor","25":"product_tag-oyun-bilgisayari","26":"product_tag-ssd","27":"pa_marka-msi","29":"first","30":"outofstock","31":"sale","32":"purchasable","33":"product-type-simple"},"aioseo_notices":[],"_links":{"self":[{"href":"https:\/\/www.a8bilisim.com\/index.php\/wp-json\/wp\/v2\/product\/578127","targetHints":{"allow":["GET"]}}],"collection":[{"href":"https:\/\/www.a8bilisim.com\/index.php\/wp-json\/wp\/v2\/product"}],"about":[{"href":"https:\/\/www.a8bilisim.com\/index.php\/wp-json\/wp\/v2\/types\/product"}],"version-history":[{"count":1,"href":"https:\/\/www.a8bilisim.com\/index.php\/wp-json\/wp\/v2\/product\/578127\/revisions"}],"predecessor-version":[{"id":578128,"href":"https:\/\/www.a8bilisim.com\/index.php\/wp-json\/wp\/v2\/product\/578127\/revisions\/578128"}],"wp:featuredmedia":[{"embeddable":true,"href":"https:\/\/www.a8bilisim.com\/index.php\/wp-json\/wp\/v2\/media\/578129"}],"wp:attachment":[{"href":"https:\/\/www.a8bilisim.com\/index.php\/wp-json\/wp\/v2\/media?parent=578127"}],"wp:term":[{"taxonomy":"product_brand","embeddable":true,"href":"https:\/\/www.a8bilisim.com\/index.php\/wp-json\/wp\/v2\/product_brand?post=578127"},{"taxonomy":"product_cat","embeddable":true,"href":"https:\/\/www.a8bilisim.com\/index.php\/wp-json\/wp\/v2\/product_cat?post=578127"},{"taxonomy":"product_tag","embeddable":true,"href":"https:\/\/www.a8bilisim.com\/index.php\/wp-json\/wp\/v2\/product_tag?post=578127"}],"curies":[{"name":"wp","href":"https:\/\/api.w.org\/{rel}","templated":true}]}}