{"id":578130,"date":"2026-03-03T05:22:13","date_gmt":"2026-03-03T02:22:13","guid":{"rendered":"https:\/\/www.a8bilisim.com\/index.php\/urun\/amd-ryzen-9-9900x-4-4ghz-64mb-am5-120wradeon-vga-box-fan-yok-ryzen-9-9900x-box-akn48401\/"},"modified":"2026-03-03T05:22:16","modified_gmt":"2026-03-03T02:22:16","slug":"amd-ryzen-9-9900x-4-4ghz-64mb-am5-120wradeon-vga-box-fan-yok-ryzen-9-9900x-box-akn48401","status":"publish","type":"product","link":"https:\/\/www.a8bilisim.com\/index.php\/urun\/amd-ryzen-9-9900x-4-4ghz-64mb-am5-120wradeon-vga-box-fan-yok-ryzen-9-9900x-box-akn48401\/","title":{"rendered":"AMD RYZEN 9 9900X 4.4GHz 64MB AM5 (120W)Radeon VGA BOX [FAN YOK] \/ RYZEN 9 9900X Box-AKN48401"},"content":{"rendered":"<p>\u00dcr\u00fcn Ad\u0131: AMD RYZEN 9 9900X 4.4GHz 64MB AM5 (120W)Radeon VGA BOX [FAN YOK]<\/p>\n<p><span dir=\"auto\" style=\"vertical-align: inherit;\"><span dir=\"auto\" style=\"vertical-align: inherit;\">Stok No: AKN48401<\/span><\/span><\/p>\n<p>Stok Kodu:RYZEN 9 9900X Box<\/p>\n<p>Kategori Ad\u0131: Amd &#x130;&#x15F;lemciler<\/p>\n<p><span dir=\"auto\" style=\"vertical-align: inherit;\"><span dir=\"auto\" style=\"vertical-align: inherit;\">EAN Kodu: <\/span><\/span><\/p>\n<p><strong>Stoklar\u0131m\u0131zdaki Anl\u0131k De\u011fi\u015fimlerden Dolay\u0131 \u0130stedi\u011finiz \u00fcr\u00fcn\u00fcn stokta kalmamas\u0131 durumunda sipari\u015finiz iptal edilip \u00dccretiniz iade edilecek ve konu hakk\u0131nda size bilgi verilecektir.<\/strong><\/p>\n<p>Son G\u00fcncellenme Tarihi :03-03-2026 00:32<\/p>\n<p>&nbsp;<\/p>\n","protected":false},"excerpt":{"rendered":"<p>AMD RYZEN 9 9900X 4.4GHz 64MB AM5 (120W)Radeon VGA BOX [FAN YOK] &#8211; Stok Kodu:RYZEN 9 9900X Box -AKN48401 &#8211; Amd &#x130;&#x15F;lemciler. Son G\u00fcncellenme Tarihi :03-03-2026 00:32<\/p>\n","protected":false},"featured_media":578132,"template":"","meta":{"_monsterinsights_skip_tracking":false,"_monsterinsights_sitenote_active":false,"_monsterinsights_sitenote_note":"","_monsterinsights_sitenote_category":0,"_joinchat":[]},"product_brand":[342],"product_cat":[276],"product_tag":[127,128,129,130,131,132,133,134,135,136,137,138,139,140,141,142,143,144,145],"class_list":{"0":"post-578130","1":"product","2":"type-product","3":"status-publish","4":"has-post-thumbnail","6":"product_brand-amd","7":"product_cat-lemciler","8":"product_tag-anakart","9":"product_tag-bilgisayar","10":"product_tag-bilgisayar-bilesenleri","11":"product_tag-bilgisayar-parcalari","12":"product_tag-dizustu-bilgisayar","13":"product_tag-ekran-karti","14":"product_tag-gaming-bilgisayar","15":"product_tag-gaming-laptop","16":"product_tag-gaming-monitor","17":"product_tag-gaming-mouse","18":"product_tag-guc-kaynagi-psu","19":"product_tag-islemci-cpu","20":"product_tag-klavye","21":"product_tag-laptop","22":"product_tag-masaustu-bilgisayar","23":"product_tag-mekanik-klavye","24":"product_tag-monitor","25":"product_tag-oyun-bilgisayari","26":"product_tag-ssd","27":"pa_marka-amd","29":"first","30":"outofstock","31":"sale","32":"purchasable","33":"product-type-simple"},"aioseo_notices":[],"_links":{"self":[{"href":"https:\/\/www.a8bilisim.com\/index.php\/wp-json\/wp\/v2\/product\/578130","targetHints":{"allow":["GET"]}}],"collection":[{"href":"https:\/\/www.a8bilisim.com\/index.php\/wp-json\/wp\/v2\/product"}],"about":[{"href":"https:\/\/www.a8bilisim.com\/index.php\/wp-json\/wp\/v2\/types\/product"}],"version-history":[{"count":1,"href":"https:\/\/www.a8bilisim.com\/index.php\/wp-json\/wp\/v2\/product\/578130\/revisions"}],"predecessor-version":[{"id":578131,"href":"https:\/\/www.a8bilisim.com\/index.php\/wp-json\/wp\/v2\/product\/578130\/revisions\/578131"}],"wp:featuredmedia":[{"embeddable":true,"href":"https:\/\/www.a8bilisim.com\/index.php\/wp-json\/wp\/v2\/media\/578132"}],"wp:attachment":[{"href":"https:\/\/www.a8bilisim.com\/index.php\/wp-json\/wp\/v2\/media?parent=578130"}],"wp:term":[{"taxonomy":"product_brand","embeddable":true,"href":"https:\/\/www.a8bilisim.com\/index.php\/wp-json\/wp\/v2\/product_brand?post=578130"},{"taxonomy":"product_cat","embeddable":true,"href":"https:\/\/www.a8bilisim.com\/index.php\/wp-json\/wp\/v2\/product_cat?post=578130"},{"taxonomy":"product_tag","embeddable":true,"href":"https:\/\/www.a8bilisim.com\/index.php\/wp-json\/wp\/v2\/product_tag?post=578130"}],"curies":[{"name":"wp","href":"https:\/\/api.w.org\/{rel}","templated":true}]}}