{"id":63139,"date":"2025-10-08T08:24:01","date_gmt":"2025-10-08T05:24:01","guid":{"rendered":"https:\/\/www.a8bilisim.com\/index.php\/urun\/intel-12-nesil-alder-lake-i5-12400f-2-50ghz-4-40ghz-18mb-1700p-lemci-box-fanl-31043-gun5032037237758\/"},"modified":"2025-11-19T07:54:59","modified_gmt":"2025-11-19T04:54:59","slug":"intel-12-nesil-alder-lake-i5-12400f-2-50ghz-4-40ghz-18mb-1700p-lemci-box-fanl-31043-gun5032037237758","status":"publish","type":"product","link":"https:\/\/www.a8bilisim.com\/index.php\/urun\/intel-12-nesil-alder-lake-i5-12400f-2-50ghz-4-40ghz-18mb-1700p-lemci-box-fanl-31043-gun5032037237758\/","title":{"rendered":"INTEL (12.Nesil) Alder Lake i5-12400F 2.50GHz ~ 4.40GHz 18MB 1700P &#x130;&#x15F;lemci Box (Fanl&#x131;) \/ 31043-GUN5032037237758"},"content":{"rendered":"<p>\u00dcr\u00fcn Ad\u0131: INTEL (12.Nesil) Alder Lake i5-12400F 2.50GHz ~ 4.40GHz 18MB 1700P &#x130;&#x15F;lemci Box (Fanl&#x131;)<\/p>\n<p>Stok No: GUN5032037237758<\/p>\n<p>Stok Kodu:31043<\/p>\n<p>Kategori Ad\u0131: &#x130;&#x15F;lemciler<\/p>\n<p>Marka:\u00a0 INTEL<\/p>\n<p>EAN Kodu: <\/p>\n<p><strong>Stoklar\u0131m\u0131zdaki Anl\u0131k De\u011fi\u015fimlerden Dolay\u0131 \u0130stedi\u011finiz \u00fcr\u00fcn\u00fcn stokta kalmamas\u0131 durumunda sipari\u015finiz iptal edilip \u00dccretiniz iade edilecek ve konu hakk\u0131nda size bilgi verilecektir.<\/strong><\/p>\n<p>Son G\u00fcncellenme Tarihi :19-11-2025 00:30<\/p>\n<p>&nbsp;<\/p>\n","protected":false},"excerpt":{"rendered":"<p>INTEL (12.Nesil) Alder Lake i5-12400F 2.50GHz ~ 4.40GHz 18MB 1700P &#x130;&#x15F;lemci Box (Fanl&#x131;) &#8211; Stok Kodu:31043 -GUN5032037237758 &#8211; &#x130;&#x15F;lemciler. Son G\u00fcncellenme Tarihi :19-11-2025 00:30<\/p>\n","protected":false},"featured_media":63141,"template":"","meta":{"_monsterinsights_skip_tracking":false,"_monsterinsights_sitenote_active":false,"_monsterinsights_sitenote_note":"","_monsterinsights_sitenote_category":0,"_joinchat":[]},"product_brand":[317],"product_cat":[276],"product_tag":[127,128,129,130,131,132,133,134,135,136,137,138,139,140,141,142,143,144,145],"class_list":{"0":"post-63139","1":"product","2":"type-product","3":"status-publish","4":"has-post-thumbnail","6":"product_brand-intel","7":"product_cat-lemciler","8":"product_tag-anakart","9":"product_tag-bilgisayar","10":"product_tag-bilgisayar-bilesenleri","11":"product_tag-bilgisayar-parcalari","12":"product_tag-dizustu-bilgisayar","13":"product_tag-ekran-karti","14":"product_tag-gaming-bilgisayar","15":"product_tag-gaming-laptop","16":"product_tag-gaming-monitor","17":"product_tag-gaming-mouse","18":"product_tag-guc-kaynagi-psu","19":"product_tag-islemci-cpu","20":"product_tag-klavye","21":"product_tag-laptop","22":"product_tag-masaustu-bilgisayar","23":"product_tag-mekanik-klavye","24":"product_tag-monitor","25":"product_tag-oyun-bilgisayari","26":"product_tag-ssd","27":"pa_marka-intel","29":"first","30":"outofstock","31":"sale","32":"purchasable","33":"product-type-simple"},"aioseo_notices":[],"_links":{"self":[{"href":"https:\/\/www.a8bilisim.com\/index.php\/wp-json\/wp\/v2\/product\/63139","targetHints":{"allow":["GET"]}}],"collection":[{"href":"https:\/\/www.a8bilisim.com\/index.php\/wp-json\/wp\/v2\/product"}],"about":[{"href":"https:\/\/www.a8bilisim.com\/index.php\/wp-json\/wp\/v2\/types\/product"}],"version-history":[{"count":37,"href":"https:\/\/www.a8bilisim.com\/index.php\/wp-json\/wp\/v2\/product\/63139\/revisions"}],"predecessor-version":[{"id":233465,"href":"https:\/\/www.a8bilisim.com\/index.php\/wp-json\/wp\/v2\/product\/63139\/revisions\/233465"}],"wp:featuredmedia":[{"embeddable":true,"href":"https:\/\/www.a8bilisim.com\/index.php\/wp-json\/wp\/v2\/media\/63141"}],"wp:attachment":[{"href":"https:\/\/www.a8bilisim.com\/index.php\/wp-json\/wp\/v2\/media?parent=63139"}],"wp:term":[{"taxonomy":"product_brand","embeddable":true,"href":"https:\/\/www.a8bilisim.com\/index.php\/wp-json\/wp\/v2\/product_brand?post=63139"},{"taxonomy":"product_cat","embeddable":true,"href":"https:\/\/www.a8bilisim.com\/index.php\/wp-json\/wp\/v2\/product_cat?post=63139"},{"taxonomy":"product_tag","embeddable":true,"href":"https:\/\/www.a8bilisim.com\/index.php\/wp-json\/wp\/v2\/product_tag?post=63139"}],"curies":[{"name":"wp","href":"https:\/\/api.w.org\/{rel}","templated":true}]}}