{"id":64075,"date":"2025-10-08T09:10:02","date_gmt":"2025-10-08T06:10:02","guid":{"rendered":"https:\/\/www.a8bilisim.com\/index.php\/urun\/everest-kb-1002-q-trke-usb-standart-siyah-klavye-26857-gun8697671434238\/"},"modified":"2025-10-08T09:10:27","modified_gmt":"2025-10-08T06:10:27","slug":"everest-kb-1002-q-trke-usb-standart-siyah-klavye-26857-gun8697671434238","status":"publish","type":"product","link":"https:\/\/www.a8bilisim.com\/index.php\/urun\/everest-kb-1002-q-trke-usb-standart-siyah-klavye-26857-gun8697671434238\/","title":{"rendered":"EVEREST KB-1002 Q T&#xFC;rk&#xE7;e USB Standart Siyah Klavye \/ 26857-GUN8697671434238"},"content":{"rendered":"<p>\u00dcr\u00fcn Ad\u0131: EVEREST KB-1002 Q T&#xFC;rk&#xE7;e USB Standart Siyah Klavye<\/p>\n<p>Stok No: GUN8697671434238<\/p>\n<p>Stok Kodu:26857<\/p>\n<p>Kategori Ad\u0131: Klavye ve Setler<\/p>\n<p>Marka:\u00a0 EVEREST<\/p>\n<p>EAN Kodu: <\/p>\n<p><strong>Stoklar\u0131m\u0131zdaki Anl\u0131k De\u011fi\u015fimlerden Dolay\u0131 \u0130stedi\u011finiz \u00fcr\u00fcn\u00fcn stokta kalmamas\u0131 durumunda sipari\u015finiz iptal edilip \u00dccretiniz iade edilecek ve konu hakk\u0131nda size bilgi verilecektir.<\/strong><\/p>\n<p>Son G\u00fcncellenme Tarihi :08-10-2025 00:31<\/p>\n<p>&nbsp;<\/p>\n","protected":false},"excerpt":{"rendered":"<p>EVEREST KB-1002 Q T&#xFC;rk&#xE7;e USB Standart Siyah Klavye &#8211; Stok Kodu:26857 -GUN8697671434238 &#8211; Klavye ve Setler. Son G\u00fcncellenme Tarihi :08-10-2025 00:31<\/p>\n","protected":false},"featured_media":64077,"template":"","meta":{"_monsterinsights_skip_tracking":false,"_monsterinsights_sitenote_active":false,"_monsterinsights_sitenote_note":"","_monsterinsights_sitenote_category":0,"_joinchat":[]},"product_brand":[167],"product_cat":[170],"product_tag":[127,128,129,130,131,132,133,134,135,136,137,138,139,140,141,142,143,144,145],"class_list":{"0":"post-64075","1":"product","2":"type-product","3":"status-publish","4":"has-post-thumbnail","6":"product_brand-everest","7":"product_cat-klavye-seti","8":"product_tag-anakart","9":"product_tag-bilgisayar","10":"product_tag-bilgisayar-bilesenleri","11":"product_tag-bilgisayar-parcalari","12":"product_tag-dizustu-bilgisayar","13":"product_tag-ekran-karti","14":"product_tag-gaming-bilgisayar","15":"product_tag-gaming-laptop","16":"product_tag-gaming-monitor","17":"product_tag-gaming-mouse","18":"product_tag-guc-kaynagi-psu","19":"product_tag-islemci-cpu","20":"product_tag-klavye","21":"product_tag-laptop","22":"product_tag-masaustu-bilgisayar","23":"product_tag-mekanik-klavye","24":"product_tag-monitor","25":"product_tag-oyun-bilgisayari","26":"product_tag-ssd","27":"pa_marka-everest","29":"first","30":"outofstock","31":"sale","32":"purchasable","33":"product-type-simple"},"aioseo_notices":[],"_links":{"self":[{"href":"https:\/\/www.a8bilisim.com\/index.php\/wp-json\/wp\/v2\/product\/64075","targetHints":{"allow":["GET"]}}],"collection":[{"href":"https:\/\/www.a8bilisim.com\/index.php\/wp-json\/wp\/v2\/product"}],"about":[{"href":"https:\/\/www.a8bilisim.com\/index.php\/wp-json\/wp\/v2\/types\/product"}],"version-history":[{"count":1,"href":"https:\/\/www.a8bilisim.com\/index.php\/wp-json\/wp\/v2\/product\/64075\/revisions"}],"predecessor-version":[{"id":64076,"href":"https:\/\/www.a8bilisim.com\/index.php\/wp-json\/wp\/v2\/product\/64075\/revisions\/64076"}],"wp:featuredmedia":[{"embeddable":true,"href":"https:\/\/www.a8bilisim.com\/index.php\/wp-json\/wp\/v2\/media\/64077"}],"wp:attachment":[{"href":"https:\/\/www.a8bilisim.com\/index.php\/wp-json\/wp\/v2\/media?parent=64075"}],"wp:term":[{"taxonomy":"product_brand","embeddable":true,"href":"https:\/\/www.a8bilisim.com\/index.php\/wp-json\/wp\/v2\/product_brand?post=64075"},{"taxonomy":"product_cat","embeddable":true,"href":"https:\/\/www.a8bilisim.com\/index.php\/wp-json\/wp\/v2\/product_cat?post=64075"},{"taxonomy":"product_tag","embeddable":true,"href":"https:\/\/www.a8bilisim.com\/index.php\/wp-json\/wp\/v2\/product_tag?post=64075"}],"curies":[{"name":"wp","href":"https:\/\/api.w.org\/{rel}","templated":true}]}}