{"id":660486,"date":"2026-04-02T07:30:48","date_gmt":"2026-04-02T04:30:48","guid":{"rendered":"https:\/\/www.a8bilisim.com\/index.php\/urun\/s-link-sl-pl270-1-5m-0-75mm-power-kablo-sl-pl270-kar48628\/"},"modified":"2026-04-08T06:12:03","modified_gmt":"2026-04-08T03:12:03","slug":"s-link-sl-pl270-1-5m-0-75mm-power-kablo-sl-pl270-kar48628","status":"publish","type":"product","link":"https:\/\/www.a8bilisim.com\/index.php\/urun\/s-link-sl-pl270-1-5m-0-75mm-power-kablo-sl-pl270-kar48628\/","title":{"rendered":"S-LINK SL-PL270 1.5m 0.75mm Power Kablo \/ SL-PL270-KAR48628"},"content":{"rendered":"<p>\u00dcr\u00fcn Ad\u0131: S-LINK SL-PL270 1.5m 0.75mm Power Kablo<\/p>\n<p><span dir=\"auto\" style=\"vertical-align: inherit;\"><span dir=\"auto\" style=\"vertical-align: inherit;\">Stok No: KAR48628<\/span><\/span><\/p>\n<p>Stok Kodu:SL-PL270<\/p>\n<p>Kategori Ad\u0131: Kasa i&#xE7;i ve G&#xFC;&#xE7; Kablolar&#x131;<\/p>\n<p><span dir=\"auto\" style=\"vertical-align: inherit;\"><span dir=\"auto\" style=\"vertical-align: inherit;\">EAN Kodu: 8697671436713<\/span><\/span><\/p>\n<p><strong>Stoklar\u0131m\u0131zdaki Anl\u0131k De\u011fi\u015fimlerden Dolay\u0131 \u0130stedi\u011finiz \u00fcr\u00fcn\u00fcn stokta kalmamas\u0131 durumunda sipari\u015finiz iptal edilip \u00dccretiniz iade edilecek ve konu hakk\u0131nda size bilgi verilecektir.<\/strong><\/p>\n<p>Son G\u00fcncellenme Tarihi :08-04-2026 02:36<\/p>\n<p>&nbsp;<\/p>\n","protected":false},"excerpt":{"rendered":"<p>S-LINK SL-PL270 1.5m 0.75mm Power Kablo &#8211; Stok Kodu:SL-PL270 -KAR48628 &#8211; Kasa i&#xE7;i ve G&#xFC;&#xE7; Kablolar&#x131;. Son G\u00fcncellenme Tarihi :08-04-2026 02:36<\/p>\n","protected":false},"featured_media":660488,"template":"","meta":{"_monsterinsights_skip_tracking":false,"_monsterinsights_sitenote_active":false,"_monsterinsights_sitenote_note":"","_monsterinsights_sitenote_category":0,"_joinchat":[]},"product_brand":[],"product_cat":[242],"product_tag":[],"class_list":{"0":"post-660486","1":"product","2":"type-product","3":"status-publish","4":"has-post-thumbnail","6":"product_cat-g-kablosu","7":"pa_marka-s-link","9":"first","10":"outofstock","11":"sale","12":"purchasable","13":"product-type-simple"},"aioseo_notices":[],"_links":{"self":[{"href":"https:\/\/www.a8bilisim.com\/index.php\/wp-json\/wp\/v2\/product\/660486","targetHints":{"allow":["GET"]}}],"collection":[{"href":"https:\/\/www.a8bilisim.com\/index.php\/wp-json\/wp\/v2\/product"}],"about":[{"href":"https:\/\/www.a8bilisim.com\/index.php\/wp-json\/wp\/v2\/types\/product"}],"version-history":[{"count":6,"href":"https:\/\/www.a8bilisim.com\/index.php\/wp-json\/wp\/v2\/product\/660486\/revisions"}],"predecessor-version":[{"id":673060,"href":"https:\/\/www.a8bilisim.com\/index.php\/wp-json\/wp\/v2\/product\/660486\/revisions\/673060"}],"wp:featuredmedia":[{"embeddable":true,"href":"https:\/\/www.a8bilisim.com\/index.php\/wp-json\/wp\/v2\/media\/660488"}],"wp:attachment":[{"href":"https:\/\/www.a8bilisim.com\/index.php\/wp-json\/wp\/v2\/media?parent=660486"}],"wp:term":[{"taxonomy":"product_brand","embeddable":true,"href":"https:\/\/www.a8bilisim.com\/index.php\/wp-json\/wp\/v2\/product_brand?post=660486"},{"taxonomy":"product_cat","embeddable":true,"href":"https:\/\/www.a8bilisim.com\/index.php\/wp-json\/wp\/v2\/product_cat?post=660486"},{"taxonomy":"product_tag","embeddable":true,"href":"https:\/\/www.a8bilisim.com\/index.php\/wp-json\/wp\/v2\/product_tag?post=660486"}],"curies":[{"name":"wp","href":"https:\/\/api.w.org\/{rel}","templated":true}]}}