{"id":674175,"date":"2026-04-09T05:08:26","date_gmt":"2026-04-09T02:08:26","guid":{"rendered":"https:\/\/www.a8bilisim.com\/index.php\/urun\/tiwox-fg-1500-101-android11-2gb-ram-4gb-ssd-fiyat-gr-otv-pos-ter-0045-ivt45707\/"},"modified":"2026-04-09T06:08:39","modified_gmt":"2026-04-09T03:08:39","slug":"tiwox-fg-1500-101-android11-2gb-ram-4gb-ssd-fiyat-gr-otv-pos-ter-0045-ivt45707","status":"publish","type":"product","link":"https:\/\/www.a8bilisim.com\/index.php\/urun\/tiwox-fg-1500-101-android11-2gb-ram-4gb-ssd-fiyat-gr-otv-pos-ter-0045-ivt45707\/","title":{"rendered":"Tiwox FG-1500 10,1 Android11 2GB RAM 4GB SSD Fiyat G&#xF6;r \/ Otv.Pos.Ter.0045-IVT45707"},"content":{"rendered":"<p>\u00dcr\u00fcn Ad\u0131: Tiwox FG-1500 10,1 Android11 2GB RAM 4GB SSD Fiyat G&#xF6;r<\/p>\n<p><span dir=\"auto\" style=\"vertical-align: inherit;\"><span dir=\"auto\" style=\"vertical-align: inherit;\">Stok No: IVT45707<\/span><\/span><\/p>\n<p>Stok Kodu:Otv.Pos.Ter.0045<\/p>\n<p>Kategori Ad\u0131: Dokunmatik POS PC<\/p>\n<p><span dir=\"auto\" style=\"vertical-align: inherit;\"><span dir=\"auto\" style=\"vertical-align: inherit;\">EAN Kodu: <\/span><\/span><\/p>\n<p><strong>Stoklar\u0131m\u0131zdaki Anl\u0131k De\u011fi\u015fimlerden Dolay\u0131 \u0130stedi\u011finiz \u00fcr\u00fcn\u00fcn stokta kalmamas\u0131 durumunda sipari\u015finiz iptal edilip \u00dccretiniz iade edilecek ve konu hakk\u0131nda size bilgi verilecektir.<\/strong><\/p>\n<p>Son G\u00fcncellenme Tarihi :09-04-2026 02:36<\/p>\n<p>&nbsp;<\/p>\n","protected":false},"excerpt":{"rendered":"<p>Tiwox FG-1500 10,1 Android11 2GB RAM 4GB SSD Fiyat G&#xF6;r &#8211; Stok Kodu:Otv.Pos.Ter.0045 -IVT45707 &#8211; Dokunmatik POS PC. Son G\u00fcncellenme Tarihi :09-04-2026 02:36<\/p>\n","protected":false},"featured_media":674177,"template":"","meta":{"_monsterinsights_skip_tracking":false,"_monsterinsights_sitenote_active":false,"_monsterinsights_sitenote_note":"","_monsterinsights_sitenote_category":0,"_joinchat":[]},"product_brand":[307],"product_cat":[335],"product_tag":[127,128,129,130,131,132,133,134,135,136,137,138,139,140,141,142,143,144,145],"class_list":{"0":"post-674175","1":"product","2":"type-product","3":"status-publish","4":"has-post-thumbnail","6":"product_brand-tiwox","7":"product_cat-pos-pc","8":"product_tag-anakart","9":"product_tag-bilgisayar","10":"product_tag-bilgisayar-bilesenleri","11":"product_tag-bilgisayar-parcalari","12":"product_tag-dizustu-bilgisayar","13":"product_tag-ekran-karti","14":"product_tag-gaming-bilgisayar","15":"product_tag-gaming-laptop","16":"product_tag-gaming-monitor","17":"product_tag-gaming-mouse","18":"product_tag-guc-kaynagi-psu","19":"product_tag-islemci-cpu","20":"product_tag-klavye","21":"product_tag-laptop","22":"product_tag-masaustu-bilgisayar","23":"product_tag-mekanik-klavye","24":"product_tag-monitor","25":"product_tag-oyun-bilgisayari","26":"product_tag-ssd","27":"pa_marka-tiwox","29":"first","30":"outofstock","31":"sale","32":"purchasable","33":"product-type-simple"},"aioseo_notices":[],"_links":{"self":[{"href":"https:\/\/www.a8bilisim.com\/index.php\/wp-json\/wp\/v2\/product\/674175","targetHints":{"allow":["GET"]}}],"collection":[{"href":"https:\/\/www.a8bilisim.com\/index.php\/wp-json\/wp\/v2\/product"}],"about":[{"href":"https:\/\/www.a8bilisim.com\/index.php\/wp-json\/wp\/v2\/types\/product"}],"version-history":[{"count":2,"href":"https:\/\/www.a8bilisim.com\/index.php\/wp-json\/wp\/v2\/product\/674175\/revisions"}],"predecessor-version":[{"id":676648,"href":"https:\/\/www.a8bilisim.com\/index.php\/wp-json\/wp\/v2\/product\/674175\/revisions\/676648"}],"wp:featuredmedia":[{"embeddable":true,"href":"https:\/\/www.a8bilisim.com\/index.php\/wp-json\/wp\/v2\/media\/674177"}],"wp:attachment":[{"href":"https:\/\/www.a8bilisim.com\/index.php\/wp-json\/wp\/v2\/media?parent=674175"}],"wp:term":[{"taxonomy":"product_brand","embeddable":true,"href":"https:\/\/www.a8bilisim.com\/index.php\/wp-json\/wp\/v2\/product_brand?post=674175"},{"taxonomy":"product_cat","embeddable":true,"href":"https:\/\/www.a8bilisim.com\/index.php\/wp-json\/wp\/v2\/product_cat?post=674175"},{"taxonomy":"product_tag","embeddable":true,"href":"https:\/\/www.a8bilisim.com\/index.php\/wp-json\/wp\/v2\/product_tag?post=674175"}],"curies":[{"name":"wp","href":"https:\/\/api.w.org\/{rel}","templated":true}]}}