{"id":741750,"date":"2026-05-13T06:24:02","date_gmt":"2026-05-13T03:24:02","guid":{"rendered":"https:\/\/www.a8bilisim.com\/index.php\/urun\/dark-dk-ac-u31x47-6s-1-arada-usb-3-2-type-c-to-ethernet-hdmi-usb-3-0-usb-2-0-usb-c-65w-macbook-port-oklayc-hu-37029-gun8683143205109\/"},"modified":"2026-05-13T06:24:56","modified_gmt":"2026-05-13T03:24:56","slug":"dark-dk-ac-u31x47-6s-1-arada-usb-3-2-type-c-to-ethernet-hdmi-usb-3-0-usb-2-0-usb-c-65w-macbook-port-oklayc-hu-37029-gun8683143205109","status":"publish","type":"product","link":"https:\/\/www.a8bilisim.com\/index.php\/urun\/dark-dk-ac-u31x47-6s-1-arada-usb-3-2-type-c-to-ethernet-hdmi-usb-3-0-usb-2-0-usb-c-65w-macbook-port-oklayc-hu-37029-gun8683143205109\/","title":{"rendered":"DARK DK-AC-U31X47 6&#8217;s&#x131; 1 Arada USB 3.2 Type-C to Ethernet \/ HDMI USB 3.0 &#8211; USB 2.0 \/ USB-C 65W Macbook Port &#xC7;oklay&#x131;c&#x131; HU \/ 37029-GUN8683143205109"},"content":{"rendered":"<p>\u00dcr\u00fcn Ad\u0131: DARK DK-AC-U31X47 6&#8217;s&#x131; 1 Arada USB 3.2 Type-C to Ethernet \/ HDMI USB 3.0 &#8211; USB 2.0 \/ USB-C 65W Macbook Port &#xC7;oklay&#x131;c&#x131; HU<\/p>\n<p><span dir=\"auto\" style=\"vertical-align: inherit;\"><span dir=\"auto\" style=\"vertical-align: inherit;\">Stok No: GUN8683143205109<\/span><\/span><\/p>\n<p>Stok Kodu:37029<\/p>\n<p>Kategori Ad\u0131: USB Ba&#x11F;lant&#x131;l&#x131; &#xDC;r&#xFC;nler<\/p>\n<p><span dir=\"auto\" style=\"vertical-align: inherit;\"><span dir=\"auto\" style=\"vertical-align: inherit;\">EAN Kodu: <\/span><\/span><\/p>\n<p><strong>Stoklar\u0131m\u0131zdaki Anl\u0131k De\u011fi\u015fimlerden Dolay\u0131 \u0130stedi\u011finiz \u00fcr\u00fcn\u00fcn stokta kalmamas\u0131 durumunda sipari\u015finiz iptal edilip \u00dccretiniz iade edilecek ve konu hakk\u0131nda size bilgi verilecektir.<\/strong><\/p>\n<p>Son G\u00fcncellenme Tarihi :13-05-2026 02:32<\/p>\n<p>&nbsp;<\/p>\n","protected":false},"excerpt":{"rendered":"<p>DARK DK-AC-U31X47 6&#8217;s&#x131; 1 Arada USB 3.2 Type-C to Ethernet \/ HDMI USB 3.0 &#8211; USB 2.0 \/ USB-C 65W Macbook Port &#xC7;oklay&#x131;c&#x131; HU &#8211; Stok Kodu:37029 -GUN8683143205109 &#8211; USB Ba&#x11F;lant&#x131;l&#x131; &#xDC;r&#xFC;nler. Son G\u00fcncellenme Tarihi :13-05-2026 02:32<\/p>\n","protected":false},"featured_media":741752,"template":"","meta":{"_monsterinsights_skip_tracking":false,"_monsterinsights_sitenote_active":false,"_monsterinsights_sitenote_note":"","_monsterinsights_sitenote_category":0,"_joinchat":[]},"product_brand":[435],"product_cat":[148],"product_tag":[127,128,129,130,131,132,133,134,135,136,137,138,139,140,141,142,143,144,145],"class_list":{"0":"post-741750","1":"product","2":"type-product","3":"status-publish","4":"has-post-thumbnail","6":"product_brand-dark","7":"product_cat-yedek-para-ve-aksesuar","8":"product_tag-anakart","9":"product_tag-bilgisayar","10":"product_tag-bilgisayar-bilesenleri","11":"product_tag-bilgisayar-parcalari","12":"product_tag-dizustu-bilgisayar","13":"product_tag-ekran-karti","14":"product_tag-gaming-bilgisayar","15":"product_tag-gaming-laptop","16":"product_tag-gaming-monitor","17":"product_tag-gaming-mouse","18":"product_tag-guc-kaynagi-psu","19":"product_tag-islemci-cpu","20":"product_tag-klavye","21":"product_tag-laptop","22":"product_tag-masaustu-bilgisayar","23":"product_tag-mekanik-klavye","24":"product_tag-monitor","25":"product_tag-oyun-bilgisayari","26":"product_tag-ssd","27":"pa_marka-dark","29":"first","30":"instock","31":"sale","32":"purchasable","33":"product-type-simple"},"aioseo_notices":[],"_links":{"self":[{"href":"https:\/\/www.a8bilisim.com\/index.php\/wp-json\/wp\/v2\/product\/741750","targetHints":{"allow":["GET"]}}],"collection":[{"href":"https:\/\/www.a8bilisim.com\/index.php\/wp-json\/wp\/v2\/product"}],"about":[{"href":"https:\/\/www.a8bilisim.com\/index.php\/wp-json\/wp\/v2\/types\/product"}],"version-history":[{"count":1,"href":"https:\/\/www.a8bilisim.com\/index.php\/wp-json\/wp\/v2\/product\/741750\/revisions"}],"predecessor-version":[{"id":741751,"href":"https:\/\/www.a8bilisim.com\/index.php\/wp-json\/wp\/v2\/product\/741750\/revisions\/741751"}],"wp:featuredmedia":[{"embeddable":true,"href":"https:\/\/www.a8bilisim.com\/index.php\/wp-json\/wp\/v2\/media\/741752"}],"wp:attachment":[{"href":"https:\/\/www.a8bilisim.com\/index.php\/wp-json\/wp\/v2\/media?parent=741750"}],"wp:term":[{"taxonomy":"product_brand","embeddable":true,"href":"https:\/\/www.a8bilisim.com\/index.php\/wp-json\/wp\/v2\/product_brand?post=741750"},{"taxonomy":"product_cat","embeddable":true,"href":"https:\/\/www.a8bilisim.com\/index.php\/wp-json\/wp\/v2\/product_cat?post=741750"},{"taxonomy":"product_tag","embeddable":true,"href":"https:\/\/www.a8bilisim.com\/index.php\/wp-json\/wp\/v2\/product_tag?post=741750"}],"curies":[{"name":"wp","href":"https:\/\/api.w.org\/{rel}","templated":true}]}}