{"id":741954,"date":"2026-05-13T06:30:17","date_gmt":"2026-05-13T03:30:17","guid":{"rendered":"https:\/\/www.a8bilisim.com\/index.php\/urun\/ods-u-utp-leg-cat6-utp-keystone-jack-evirmeli-27336-gun27336\/"},"modified":"2026-05-13T06:30:27","modified_gmt":"2026-05-13T03:30:27","slug":"ods-u-utp-leg-cat6-utp-keystone-jack-evirmeli-27336-gun27336","status":"publish","type":"product","link":"https:\/\/www.a8bilisim.com\/index.php\/urun\/ods-u-utp-leg-cat6-utp-keystone-jack-evirmeli-27336-gun27336\/","title":{"rendered":"ODS U-UTP-LEG CAT6 UTP Keystone Jack &#xC7;evirmeli \/ 27336-GUN27336"},"content":{"rendered":"<p>\u00dcr\u00fcn Ad\u0131: ODS U-UTP-LEG CAT6 UTP Keystone Jack &#xC7;evirmeli<\/p>\n<p><span dir=\"auto\" style=\"vertical-align: inherit;\"><span dir=\"auto\" style=\"vertical-align: inherit;\">Stok No: GUN27336<\/span><\/span><\/p>\n<p>Stok Kodu:27336<\/p>\n<p>Kategori Ad\u0131: Network &#xDC;r&#xFC;nleri<\/p>\n<p><span dir=\"auto\" style=\"vertical-align: inherit;\"><span dir=\"auto\" style=\"vertical-align: inherit;\">EAN Kodu: <\/span><\/span><\/p>\n<p><strong>Stoklar\u0131m\u0131zdaki Anl\u0131k De\u011fi\u015fimlerden Dolay\u0131 \u0130stedi\u011finiz \u00fcr\u00fcn\u00fcn stokta kalmamas\u0131 durumunda sipari\u015finiz iptal edilip \u00dccretiniz iade edilecek ve konu hakk\u0131nda size bilgi verilecektir.<\/strong><\/p>\n<p>Son G\u00fcncellenme Tarihi :13-05-2026 02:33<\/p>\n<p>&nbsp;<\/p>\n","protected":false},"excerpt":{"rendered":"<p>ODS U-UTP-LEG CAT6 UTP Keystone Jack &#xC7;evirmeli &#8211; Stok Kodu:27336 -GUN27336 &#8211; Network &#xDC;r&#xFC;nleri. Son G\u00fcncellenme Tarihi :13-05-2026 02:33<\/p>\n","protected":false},"featured_media":741956,"template":"","meta":{"_monsterinsights_skip_tracking":false,"_monsterinsights_sitenote_active":false,"_monsterinsights_sitenote_note":"","_monsterinsights_sitenote_category":0,"_joinchat":[]},"product_brand":[636],"product_cat":[216],"product_tag":[127,128,129,130,131,132,133,134,135,136,137,138,139,140,141,142,143,144,145],"class_list":{"0":"post-741954","1":"product","2":"type-product","3":"status-publish","4":"has-post-thumbnail","6":"product_brand-ods","7":"product_cat-network-malzemeleri","8":"product_tag-anakart","9":"product_tag-bilgisayar","10":"product_tag-bilgisayar-bilesenleri","11":"product_tag-bilgisayar-parcalari","12":"product_tag-dizustu-bilgisayar","13":"product_tag-ekran-karti","14":"product_tag-gaming-bilgisayar","15":"product_tag-gaming-laptop","16":"product_tag-gaming-monitor","17":"product_tag-gaming-mouse","18":"product_tag-guc-kaynagi-psu","19":"product_tag-islemci-cpu","20":"product_tag-klavye","21":"product_tag-laptop","22":"product_tag-masaustu-bilgisayar","23":"product_tag-mekanik-klavye","24":"product_tag-monitor","25":"product_tag-oyun-bilgisayari","26":"product_tag-ssd","27":"pa_marka-ods","29":"first","30":"instock","31":"sale","32":"purchasable","33":"product-type-simple"},"aioseo_notices":[],"_links":{"self":[{"href":"https:\/\/www.a8bilisim.com\/index.php\/wp-json\/wp\/v2\/product\/741954","targetHints":{"allow":["GET"]}}],"collection":[{"href":"https:\/\/www.a8bilisim.com\/index.php\/wp-json\/wp\/v2\/product"}],"about":[{"href":"https:\/\/www.a8bilisim.com\/index.php\/wp-json\/wp\/v2\/types\/product"}],"version-history":[{"count":1,"href":"https:\/\/www.a8bilisim.com\/index.php\/wp-json\/wp\/v2\/product\/741954\/revisions"}],"predecessor-version":[{"id":741955,"href":"https:\/\/www.a8bilisim.com\/index.php\/wp-json\/wp\/v2\/product\/741954\/revisions\/741955"}],"wp:featuredmedia":[{"embeddable":true,"href":"https:\/\/www.a8bilisim.com\/index.php\/wp-json\/wp\/v2\/media\/741956"}],"wp:attachment":[{"href":"https:\/\/www.a8bilisim.com\/index.php\/wp-json\/wp\/v2\/media?parent=741954"}],"wp:term":[{"taxonomy":"product_brand","embeddable":true,"href":"https:\/\/www.a8bilisim.com\/index.php\/wp-json\/wp\/v2\/product_brand?post=741954"},{"taxonomy":"product_cat","embeddable":true,"href":"https:\/\/www.a8bilisim.com\/index.php\/wp-json\/wp\/v2\/product_cat?post=741954"},{"taxonomy":"product_tag","embeddable":true,"href":"https:\/\/www.a8bilisim.com\/index.php\/wp-json\/wp\/v2\/product_tag?post=741954"}],"curies":[{"name":"wp","href":"https:\/\/api.w.org\/{rel}","templated":true}]}}