{"id":742203,"date":"2026-05-13T06:34:42","date_gmt":"2026-05-13T03:34:42","guid":{"rendered":"https:\/\/www.a8bilisim.com\/index.php\/urun\/oem-sata-serial-ata-hdd-data-kablosu-1-li-2869-gun8697671431275\/"},"modified":"2026-05-13T06:38:03","modified_gmt":"2026-05-13T03:38:03","slug":"oem-sata-serial-ata-hdd-data-kablosu-1-li-2869-gun8697671431275","status":"publish","type":"product","link":"https:\/\/www.a8bilisim.com\/index.php\/urun\/oem-sata-serial-ata-hdd-data-kablosu-1-li-2869-gun8697671431275\/","title":{"rendered":"OEM SATA SERIAL ATA HDD DATA KABLOSU 1 li \/ 2869-GUN8697671431275"},"content":{"rendered":"<p>\u00dcr\u00fcn Ad\u0131: OEM SATA SERIAL ATA HDD DATA KABLOSU 1 li<\/p>\n<p><span dir=\"auto\" style=\"vertical-align: inherit;\"><span dir=\"auto\" style=\"vertical-align: inherit;\">Stok No: GUN8697671431275<\/span><\/span><\/p>\n<p>Stok Kodu:2869<\/p>\n<p>Kategori Ad\u0131: T&#xFC;ketim-Sarf-Aksesuar<\/p>\n<p><span dir=\"auto\" style=\"vertical-align: inherit;\"><span dir=\"auto\" style=\"vertical-align: inherit;\">EAN Kodu: <\/span><\/span><\/p>\n<p><strong>Stoklar\u0131m\u0131zdaki Anl\u0131k De\u011fi\u015fimlerden Dolay\u0131 \u0130stedi\u011finiz \u00fcr\u00fcn\u00fcn stokta kalmamas\u0131 durumunda sipari\u015finiz iptal edilip \u00dccretiniz iade edilecek ve konu hakk\u0131nda size bilgi verilecektir.<\/strong><\/p>\n<p>Son G\u00fcncellenme Tarihi :13-05-2026 02:33<\/p>\n<p>&nbsp;<\/p>\n","protected":false},"excerpt":{"rendered":"<p>OEM SATA SERIAL ATA HDD DATA KABLOSU 1 li &#8211; Stok Kodu:2869 -GUN8697671431275 &#8211; T&#xFC;ketim-Sarf-Aksesuar. Son G\u00fcncellenme Tarihi :13-05-2026 02:33<\/p>\n","protected":false},"featured_media":742205,"template":"","meta":{"_monsterinsights_skip_tracking":false,"_monsterinsights_sitenote_active":false,"_monsterinsights_sitenote_note":"","_monsterinsights_sitenote_category":0,"_joinchat":[]},"product_brand":[],"product_cat":[148],"product_tag":[],"class_list":{"0":"post-742203","1":"product","2":"type-product","3":"status-publish","4":"has-post-thumbnail","6":"product_cat-yedek-para-ve-aksesuar","7":"pa_marka-oem","9":"first","10":"instock","11":"sale","12":"purchasable","13":"product-type-simple"},"aioseo_notices":[],"_links":{"self":[{"href":"https:\/\/www.a8bilisim.com\/index.php\/wp-json\/wp\/v2\/product\/742203","targetHints":{"allow":["GET"]}}],"collection":[{"href":"https:\/\/www.a8bilisim.com\/index.php\/wp-json\/wp\/v2\/product"}],"about":[{"href":"https:\/\/www.a8bilisim.com\/index.php\/wp-json\/wp\/v2\/types\/product"}],"version-history":[{"count":1,"href":"https:\/\/www.a8bilisim.com\/index.php\/wp-json\/wp\/v2\/product\/742203\/revisions"}],"predecessor-version":[{"id":742204,"href":"https:\/\/www.a8bilisim.com\/index.php\/wp-json\/wp\/v2\/product\/742203\/revisions\/742204"}],"wp:featuredmedia":[{"embeddable":true,"href":"https:\/\/www.a8bilisim.com\/index.php\/wp-json\/wp\/v2\/media\/742205"}],"wp:attachment":[{"href":"https:\/\/www.a8bilisim.com\/index.php\/wp-json\/wp\/v2\/media?parent=742203"}],"wp:term":[{"taxonomy":"product_brand","embeddable":true,"href":"https:\/\/www.a8bilisim.com\/index.php\/wp-json\/wp\/v2\/product_brand?post=742203"},{"taxonomy":"product_cat","embeddable":true,"href":"https:\/\/www.a8bilisim.com\/index.php\/wp-json\/wp\/v2\/product_cat?post=742203"},{"taxonomy":"product_tag","embeddable":true,"href":"https:\/\/www.a8bilisim.com\/index.php\/wp-json\/wp\/v2\/product_tag?post=742203"}],"curies":[{"name":"wp","href":"https:\/\/api.w.org\/{rel}","templated":true}]}}