{"id":742313,"date":"2026-05-13T06:41:00","date_gmt":"2026-05-13T03:41:00","guid":{"rendered":"https:\/\/www.a8bilisim.com\/index.php\/urun\/hytech-hy-lu2-2-port-4k2k-hdmi-splitter-oklayc-33816-gun8680096091131\/"},"modified":"2026-05-13T06:41:09","modified_gmt":"2026-05-13T03:41:09","slug":"hytech-hy-lu2-2-port-4k2k-hdmi-splitter-oklayc-33816-gun8680096091131","status":"publish","type":"product","link":"https:\/\/www.a8bilisim.com\/index.php\/urun\/hytech-hy-lu2-2-port-4k2k-hdmi-splitter-oklayc-33816-gun8680096091131\/","title":{"rendered":"HYTECH HY-LU2 2 Port 4K*2K HDMI Splitter (&#xC7;oklay&#x131;c&#x131;) \/ 33816-GUN8680096091131"},"content":{"rendered":"<p>\u00dcr\u00fcn Ad\u0131: HYTECH HY-LU2 2 Port 4K*2K HDMI Splitter (&#xC7;oklay&#x131;c&#x131;)<\/p>\n<p><span dir=\"auto\" style=\"vertical-align: inherit;\"><span dir=\"auto\" style=\"vertical-align: inherit;\">Stok No: GUN8680096091131<\/span><\/span><\/p>\n<p>Stok Kodu:33816<\/p>\n<p>Kategori Ad\u0131: T&#xFC;ketim-Sarf-Aksesuar<\/p>\n<p><span dir=\"auto\" style=\"vertical-align: inherit;\"><span dir=\"auto\" style=\"vertical-align: inherit;\">EAN Kodu: <\/span><\/span><\/p>\n<p><strong>Stoklar\u0131m\u0131zdaki Anl\u0131k De\u011fi\u015fimlerden Dolay\u0131 \u0130stedi\u011finiz \u00fcr\u00fcn\u00fcn stokta kalmamas\u0131 durumunda sipari\u015finiz iptal edilip \u00dccretiniz iade edilecek ve konu hakk\u0131nda size bilgi verilecektir.<\/strong><\/p>\n<p>Son G\u00fcncellenme Tarihi :13-05-2026 02:33<\/p>\n<p>&nbsp;<\/p>\n","protected":false},"excerpt":{"rendered":"<p>HYTECH HY-LU2 2 Port 4K*2K HDMI Splitter (&#xC7;oklay&#x131;c&#x131;) &#8211; Stok Kodu:33816 -GUN8680096091131 &#8211; T&#xFC;ketim-Sarf-Aksesuar. Son G\u00fcncellenme Tarihi :13-05-2026 02:33<\/p>\n","protected":false},"featured_media":742315,"template":"","meta":{"_monsterinsights_skip_tracking":false,"_monsterinsights_sitenote_active":false,"_monsterinsights_sitenote_note":"","_monsterinsights_sitenote_category":0,"_joinchat":[]},"product_brand":[241],"product_cat":[148],"product_tag":[127,128,129,130,131,132,133,134,135,136,137,138,139,140,141,142,143,144,145],"class_list":{"0":"post-742313","1":"product","2":"type-product","3":"status-publish","4":"has-post-thumbnail","6":"product_brand-hytech","7":"product_cat-yedek-para-ve-aksesuar","8":"product_tag-anakart","9":"product_tag-bilgisayar","10":"product_tag-bilgisayar-bilesenleri","11":"product_tag-bilgisayar-parcalari","12":"product_tag-dizustu-bilgisayar","13":"product_tag-ekran-karti","14":"product_tag-gaming-bilgisayar","15":"product_tag-gaming-laptop","16":"product_tag-gaming-monitor","17":"product_tag-gaming-mouse","18":"product_tag-guc-kaynagi-psu","19":"product_tag-islemci-cpu","20":"product_tag-klavye","21":"product_tag-laptop","22":"product_tag-masaustu-bilgisayar","23":"product_tag-mekanik-klavye","24":"product_tag-monitor","25":"product_tag-oyun-bilgisayari","26":"product_tag-ssd","27":"pa_marka-hytech","29":"first","30":"instock","31":"sale","32":"purchasable","33":"product-type-simple"},"aioseo_notices":[],"_links":{"self":[{"href":"https:\/\/www.a8bilisim.com\/index.php\/wp-json\/wp\/v2\/product\/742313","targetHints":{"allow":["GET"]}}],"collection":[{"href":"https:\/\/www.a8bilisim.com\/index.php\/wp-json\/wp\/v2\/product"}],"about":[{"href":"https:\/\/www.a8bilisim.com\/index.php\/wp-json\/wp\/v2\/types\/product"}],"version-history":[{"count":1,"href":"https:\/\/www.a8bilisim.com\/index.php\/wp-json\/wp\/v2\/product\/742313\/revisions"}],"predecessor-version":[{"id":742314,"href":"https:\/\/www.a8bilisim.com\/index.php\/wp-json\/wp\/v2\/product\/742313\/revisions\/742314"}],"wp:featuredmedia":[{"embeddable":true,"href":"https:\/\/www.a8bilisim.com\/index.php\/wp-json\/wp\/v2\/media\/742315"}],"wp:attachment":[{"href":"https:\/\/www.a8bilisim.com\/index.php\/wp-json\/wp\/v2\/media?parent=742313"}],"wp:term":[{"taxonomy":"product_brand","embeddable":true,"href":"https:\/\/www.a8bilisim.com\/index.php\/wp-json\/wp\/v2\/product_brand?post=742313"},{"taxonomy":"product_cat","embeddable":true,"href":"https:\/\/www.a8bilisim.com\/index.php\/wp-json\/wp\/v2\/product_cat?post=742313"},{"taxonomy":"product_tag","embeddable":true,"href":"https:\/\/www.a8bilisim.com\/index.php\/wp-json\/wp\/v2\/product_tag?post=742313"}],"curies":[{"name":"wp","href":"https:\/\/api.w.org\/{rel}","templated":true}]}}