{"id":743313,"date":"2026-05-14T06:00:03","date_gmt":"2026-05-14T03:00:03","guid":{"rendered":"https:\/\/www.a8bilisim.com\/index.php\/urun\/fazeon-a2120tra-lga775-115x-1200-1700-am4-am5-90-mm-lemci-soutucu-40167-gun8684779421178\/"},"modified":"2026-05-14T06:00:09","modified_gmt":"2026-05-14T03:00:09","slug":"fazeon-a2120tra-lga775-115x-1200-1700-am4-am5-90-mm-lemci-soutucu-40167-gun8684779421178","status":"publish","type":"product","link":"https:\/\/www.a8bilisim.com\/index.php\/urun\/fazeon-a2120tra-lga775-115x-1200-1700-am4-am5-90-mm-lemci-soutucu-40167-gun8684779421178\/","title":{"rendered":"FAZEON A2120TRA LGA775\/115x\/1200\/1700\/AM4\/AM5 90 mm &#x130;&#x15F;lemci So&#x11F;utucu \/ 40167-GUN8684779421178"},"content":{"rendered":"<p>\u00dcr\u00fcn Ad\u0131: FAZEON A2120TRA LGA775\/115x\/1200\/1700\/AM4\/AM5 90 mm &#x130;&#x15F;lemci So&#x11F;utucu<\/p>\n<p><span dir=\"auto\" style=\"vertical-align: inherit;\"><span dir=\"auto\" style=\"vertical-align: inherit;\">Stok No: GUN8684779421178<\/span><\/span><\/p>\n<p>Stok Kodu:40167<\/p>\n<p>Kategori Ad\u0131: &#x130;&#x15F;lemciler<\/p>\n<p><span dir=\"auto\" style=\"vertical-align: inherit;\"><span dir=\"auto\" style=\"vertical-align: inherit;\">EAN Kodu: <\/span><\/span><\/p>\n<p><strong>Stoklar\u0131m\u0131zdaki Anl\u0131k De\u011fi\u015fimlerden Dolay\u0131 \u0130stedi\u011finiz \u00fcr\u00fcn\u00fcn stokta kalmamas\u0131 durumunda sipari\u015finiz iptal edilip \u00dccretiniz iade edilecek ve konu hakk\u0131nda size bilgi verilecektir.<\/strong><\/p>\n<p>Son G\u00fcncellenme Tarihi :13-05-2026 02:31<\/p>\n<p>&nbsp;<\/p>\n","protected":false},"excerpt":{"rendered":"<p>FAZEON A2120TRA LGA775\/115x\/1200\/1700\/AM4\/AM5 90 mm &#x130;&#x15F;lemci So&#x11F;utucu &#8211; Stok Kodu:40167 -GUN8684779421178 &#8211; &#x130;&#x15F;lemciler. Son G\u00fcncellenme Tarihi :13-05-2026 02:31<\/p>\n","protected":false},"featured_media":743315,"template":"","meta":{"_monsterinsights_skip_tracking":false,"_monsterinsights_sitenote_active":false,"_monsterinsights_sitenote_note":"","_monsterinsights_sitenote_category":0,"_joinchat":[]},"product_brand":[661],"product_cat":[276],"product_tag":[127,128,129,130,131,132,133,134,135,136,137,138,139,140,141,142,143,144,145],"class_list":{"0":"post-743313","1":"product","2":"type-product","3":"status-publish","4":"has-post-thumbnail","6":"product_brand-fazeon","7":"product_cat-lemciler","8":"product_tag-anakart","9":"product_tag-bilgisayar","10":"product_tag-bilgisayar-bilesenleri","11":"product_tag-bilgisayar-parcalari","12":"product_tag-dizustu-bilgisayar","13":"product_tag-ekran-karti","14":"product_tag-gaming-bilgisayar","15":"product_tag-gaming-laptop","16":"product_tag-gaming-monitor","17":"product_tag-gaming-mouse","18":"product_tag-guc-kaynagi-psu","19":"product_tag-islemci-cpu","20":"product_tag-klavye","21":"product_tag-laptop","22":"product_tag-masaustu-bilgisayar","23":"product_tag-mekanik-klavye","24":"product_tag-monitor","25":"product_tag-oyun-bilgisayari","26":"product_tag-ssd","27":"pa_marka-fazeon","29":"first","30":"instock","31":"sale","32":"purchasable","33":"product-type-simple"},"aioseo_notices":[],"_links":{"self":[{"href":"https:\/\/www.a8bilisim.com\/index.php\/wp-json\/wp\/v2\/product\/743313","targetHints":{"allow":["GET"]}}],"collection":[{"href":"https:\/\/www.a8bilisim.com\/index.php\/wp-json\/wp\/v2\/product"}],"about":[{"href":"https:\/\/www.a8bilisim.com\/index.php\/wp-json\/wp\/v2\/types\/product"}],"version-history":[{"count":1,"href":"https:\/\/www.a8bilisim.com\/index.php\/wp-json\/wp\/v2\/product\/743313\/revisions"}],"predecessor-version":[{"id":743314,"href":"https:\/\/www.a8bilisim.com\/index.php\/wp-json\/wp\/v2\/product\/743313\/revisions\/743314"}],"wp:featuredmedia":[{"embeddable":true,"href":"https:\/\/www.a8bilisim.com\/index.php\/wp-json\/wp\/v2\/media\/743315"}],"wp:attachment":[{"href":"https:\/\/www.a8bilisim.com\/index.php\/wp-json\/wp\/v2\/media?parent=743313"}],"wp:term":[{"taxonomy":"product_brand","embeddable":true,"href":"https:\/\/www.a8bilisim.com\/index.php\/wp-json\/wp\/v2\/product_brand?post=743313"},{"taxonomy":"product_cat","embeddable":true,"href":"https:\/\/www.a8bilisim.com\/index.php\/wp-json\/wp\/v2\/product_cat?post=743313"},{"taxonomy":"product_tag","embeddable":true,"href":"https:\/\/www.a8bilisim.com\/index.php\/wp-json\/wp\/v2\/product_tag?post=743313"}],"curies":[{"name":"wp","href":"https:\/\/api.w.org\/{rel}","templated":true}]}}