{"id":748895,"date":"2026-05-16T06:16:48","date_gmt":"2026-05-16T03:16:48","guid":{"rendered":"https:\/\/www.a8bilisim.com\/index.php\/urun\/ruijie-rg-cs83-24gt4xs-24-port-1ge-rj45-4x10g-sfp-l-3-ynetilebilir-switch-rg-cs83-24gt4xs-kar61095\/"},"modified":"2026-05-16T06:16:52","modified_gmt":"2026-05-16T03:16:52","slug":"ruijie-rg-cs83-24gt4xs-24-port-1ge-rj45-4x10g-sfp-l-3-ynetilebilir-switch-rg-cs83-24gt4xs-kar61095","status":"publish","type":"product","link":"https:\/\/www.a8bilisim.com\/index.php\/urun\/ruijie-rg-cs83-24gt4xs-24-port-1ge-rj45-4x10g-sfp-l-3-ynetilebilir-switch-rg-cs83-24gt4xs-kar61095\/","title":{"rendered":"RUIJIE RG-CS83-24GT4XS 24-Port 1GE RJ45 4X10G SFP L-3 Y&#xF6;netilebilir Switch \/ RG-CS83-24GT4XS-KAR61095"},"content":{"rendered":"<p>\u00dcr\u00fcn Ad\u0131: RUIJIE RG-CS83-24GT4XS 24-Port 1GE RJ45 4X10G SFP L-3 Y&#xF6;netilebilir Switch<\/p>\n<p><span dir=\"auto\" style=\"vertical-align: inherit;\"><span dir=\"auto\" style=\"vertical-align: inherit;\">Stok No: KAR61095<\/span><\/span><\/p>\n<p>Stok Kodu:RG-CS83-24GT4XS<\/p>\n<p>Kategori Ad\u0131: 24-28 Port<\/p>\n<p><span dir=\"auto\" style=\"vertical-align: inherit;\"><span dir=\"auto\" style=\"vertical-align: inherit;\">EAN Kodu: 6971693276222<\/span><\/span><\/p>\n<p><strong>Stoklar\u0131m\u0131zdaki Anl\u0131k De\u011fi\u015fimlerden Dolay\u0131 \u0130stedi\u011finiz \u00fcr\u00fcn\u00fcn stokta kalmamas\u0131 durumunda sipari\u015finiz iptal edilip \u00dccretiniz iade edilecek ve konu hakk\u0131nda size bilgi verilecektir.<\/strong><\/p>\n<p>Son G\u00fcncellenme Tarihi :16-05-2026 03:00<\/p>\n<p>&nbsp;<\/p>\n","protected":false},"excerpt":{"rendered":"<p>RUIJIE RG-CS83-24GT4XS 24-Port 1GE RJ45 4X10G SFP L-3 Y&#xF6;netilebilir Switch &#8211; Stok Kodu:RG-CS83-24GT4XS -KAR61095 &#8211; 24-28 Port. Son G\u00fcncellenme Tarihi :16-05-2026 03:00<\/p>\n","protected":false},"featured_media":748897,"template":"","meta":{"_monsterinsights_skip_tracking":false,"_monsterinsights_sitenote_active":false,"_monsterinsights_sitenote_note":"","_monsterinsights_sitenote_category":0,"_joinchat":[]},"product_brand":[453],"product_cat":[257],"product_tag":[127,128,129,130,131,132,133,134,135,136,137,138,139,140,141,142,143,144,145],"class_list":{"0":"post-748895","1":"product","2":"type-product","3":"status-publish","4":"has-post-thumbnail","6":"product_brand-ruijie","7":"product_cat-switch","8":"product_tag-anakart","9":"product_tag-bilgisayar","10":"product_tag-bilgisayar-bilesenleri","11":"product_tag-bilgisayar-parcalari","12":"product_tag-dizustu-bilgisayar","13":"product_tag-ekran-karti","14":"product_tag-gaming-bilgisayar","15":"product_tag-gaming-laptop","16":"product_tag-gaming-monitor","17":"product_tag-gaming-mouse","18":"product_tag-guc-kaynagi-psu","19":"product_tag-islemci-cpu","20":"product_tag-klavye","21":"product_tag-laptop","22":"product_tag-masaustu-bilgisayar","23":"product_tag-mekanik-klavye","24":"product_tag-monitor","25":"product_tag-oyun-bilgisayari","26":"product_tag-ssd","27":"pa_marka-ruijie","29":"first","30":"outofstock","31":"sale","32":"purchasable","33":"product-type-simple"},"aioseo_notices":[],"_links":{"self":[{"href":"https:\/\/www.a8bilisim.com\/index.php\/wp-json\/wp\/v2\/product\/748895","targetHints":{"allow":["GET"]}}],"collection":[{"href":"https:\/\/www.a8bilisim.com\/index.php\/wp-json\/wp\/v2\/product"}],"about":[{"href":"https:\/\/www.a8bilisim.com\/index.php\/wp-json\/wp\/v2\/types\/product"}],"version-history":[{"count":1,"href":"https:\/\/www.a8bilisim.com\/index.php\/wp-json\/wp\/v2\/product\/748895\/revisions"}],"predecessor-version":[{"id":748896,"href":"https:\/\/www.a8bilisim.com\/index.php\/wp-json\/wp\/v2\/product\/748895\/revisions\/748896"}],"wp:featuredmedia":[{"embeddable":true,"href":"https:\/\/www.a8bilisim.com\/index.php\/wp-json\/wp\/v2\/media\/748897"}],"wp:attachment":[{"href":"https:\/\/www.a8bilisim.com\/index.php\/wp-json\/wp\/v2\/media?parent=748895"}],"wp:term":[{"taxonomy":"product_brand","embeddable":true,"href":"https:\/\/www.a8bilisim.com\/index.php\/wp-json\/wp\/v2\/product_brand?post=748895"},{"taxonomy":"product_cat","embeddable":true,"href":"https:\/\/www.a8bilisim.com\/index.php\/wp-json\/wp\/v2\/product_cat?post=748895"},{"taxonomy":"product_tag","embeddable":true,"href":"https:\/\/www.a8bilisim.com\/index.php\/wp-json\/wp\/v2\/product_tag?post=748895"}],"curies":[{"name":"wp","href":"https:\/\/api.w.org\/{rel}","templated":true}]}}