{"id":749376,"date":"2026-05-16T06:22:27","date_gmt":"2026-05-16T03:22:27","guid":{"rendered":"https:\/\/www.a8bilisim.com\/index.php\/urun\/dotvolt-volt-mn-plus-10-kva-1-1-16x7ah-4-14dk-online-ups-ups-on-0138-kar61715\/"},"modified":"2026-05-16T06:22:28","modified_gmt":"2026-05-16T03:22:28","slug":"dotvolt-volt-mn-plus-10-kva-1-1-16x7ah-4-14dk-online-ups-ups-on-0138-kar61715","status":"publish","type":"product","link":"https:\/\/www.a8bilisim.com\/index.php\/urun\/dotvolt-volt-mn-plus-10-kva-1-1-16x7ah-4-14dk-online-ups-ups-on-0138-kar61715\/","title":{"rendered":"DOTVOLT VOLT MN PLUS 10 KVA 1\/1 16x7AH 4-14dk ONLINE UPS \/ UPS.ON.0138-KAR61715"},"content":{"rendered":"<p>\u00dcr\u00fcn Ad\u0131: DOTVOLT VOLT MN PLUS 10 KVA 1\/1 16x7AH 4-14dk ONLINE UPS<\/p>\n<p><span dir=\"auto\" style=\"vertical-align: inherit;\"><span dir=\"auto\" style=\"vertical-align: inherit;\">Stok No: KAR61715<\/span><\/span><\/p>\n<p>Stok Kodu:UPS.ON.0138<\/p>\n<p>Kategori Ad\u0131: Online 1\/1 Monofaze-Monofaze UPS<\/p>\n<p><span dir=\"auto\" style=\"vertical-align: inherit;\"><span dir=\"auto\" style=\"vertical-align: inherit;\">EAN Kodu: 8683581071199<\/span><\/span><\/p>\n<p><strong>Stoklar\u0131m\u0131zdaki Anl\u0131k De\u011fi\u015fimlerden Dolay\u0131 \u0130stedi\u011finiz \u00fcr\u00fcn\u00fcn stokta kalmamas\u0131 durumunda sipari\u015finiz iptal edilip \u00dccretiniz iade edilecek ve konu hakk\u0131nda size bilgi verilecektir.<\/strong><\/p>\n<p>Son G\u00fcncellenme Tarihi :16-05-2026 03:00<\/p>\n<p>&nbsp;<\/p>\n","protected":false},"excerpt":{"rendered":"<p>DOTVOLT VOLT MN PLUS 10 KVA 1\/1 16x7AH 4-14dk ONLINE UPS &#8211; Stok Kodu:UPS.ON.0138 -KAR61715 &#8211; Online 1\/1 Monofaze-Monofaze UPS. Son G\u00fcncellenme Tarihi :16-05-2026 03:00<\/p>\n","protected":false},"featured_media":749378,"template":"","meta":{"_monsterinsights_skip_tracking":false,"_monsterinsights_sitenote_active":false,"_monsterinsights_sitenote_note":"","_monsterinsights_sitenote_category":0,"_joinchat":[]},"product_brand":[319],"product_cat":[219],"product_tag":[127,128,129,130,131,132,133,134,135,136,137,138,139,140,141,142,143,144,145],"class_list":{"0":"post-749376","1":"product","2":"type-product","3":"status-publish","4":"has-post-thumbnail","6":"product_brand-dotvolt","7":"product_cat-online-ups","8":"product_tag-anakart","9":"product_tag-bilgisayar","10":"product_tag-bilgisayar-bilesenleri","11":"product_tag-bilgisayar-parcalari","12":"product_tag-dizustu-bilgisayar","13":"product_tag-ekran-karti","14":"product_tag-gaming-bilgisayar","15":"product_tag-gaming-laptop","16":"product_tag-gaming-monitor","17":"product_tag-gaming-mouse","18":"product_tag-guc-kaynagi-psu","19":"product_tag-islemci-cpu","20":"product_tag-klavye","21":"product_tag-laptop","22":"product_tag-masaustu-bilgisayar","23":"product_tag-mekanik-klavye","24":"product_tag-monitor","25":"product_tag-oyun-bilgisayari","26":"product_tag-ssd","27":"pa_marka-dotvolt","29":"first","30":"outofstock","31":"sale","32":"purchasable","33":"product-type-simple"},"aioseo_notices":[],"_links":{"self":[{"href":"https:\/\/www.a8bilisim.com\/index.php\/wp-json\/wp\/v2\/product\/749376","targetHints":{"allow":["GET"]}}],"collection":[{"href":"https:\/\/www.a8bilisim.com\/index.php\/wp-json\/wp\/v2\/product"}],"about":[{"href":"https:\/\/www.a8bilisim.com\/index.php\/wp-json\/wp\/v2\/types\/product"}],"version-history":[{"count":1,"href":"https:\/\/www.a8bilisim.com\/index.php\/wp-json\/wp\/v2\/product\/749376\/revisions"}],"predecessor-version":[{"id":749377,"href":"https:\/\/www.a8bilisim.com\/index.php\/wp-json\/wp\/v2\/product\/749376\/revisions\/749377"}],"wp:featuredmedia":[{"embeddable":true,"href":"https:\/\/www.a8bilisim.com\/index.php\/wp-json\/wp\/v2\/media\/749378"}],"wp:attachment":[{"href":"https:\/\/www.a8bilisim.com\/index.php\/wp-json\/wp\/v2\/media?parent=749376"}],"wp:term":[{"taxonomy":"product_brand","embeddable":true,"href":"https:\/\/www.a8bilisim.com\/index.php\/wp-json\/wp\/v2\/product_brand?post=749376"},{"taxonomy":"product_cat","embeddable":true,"href":"https:\/\/www.a8bilisim.com\/index.php\/wp-json\/wp\/v2\/product_cat?post=749376"},{"taxonomy":"product_tag","embeddable":true,"href":"https:\/\/www.a8bilisim.com\/index.php\/wp-json\/wp\/v2\/product_tag?post=749376"}],"curies":[{"name":"wp","href":"https:\/\/api.w.org\/{rel}","templated":true}]}}