{"id":749419,"date":"2026-05-16T06:22:27","date_gmt":"2026-05-16T03:22:27","guid":{"rendered":"https:\/\/www.a8bilisim.com\/index.php\/urun\/16-gb-asus-tuf-rtx5070ti-16g-gaming-rtx-5070ti-gddr7-256bit-oc-2xhdmi-3xdp-rgb-d-90yv0md1-m0nm00-kar61824\/"},"modified":"2026-05-16T06:22:59","modified_gmt":"2026-05-16T03:22:59","slug":"16-gb-asus-tuf-rtx5070ti-16g-gaming-rtx-5070ti-gddr7-256bit-oc-2xhdmi-3xdp-rgb-d-90yv0md1-m0nm00-kar61824","status":"publish","type":"product","link":"https:\/\/www.a8bilisim.com\/index.php\/urun\/16-gb-asus-tuf-rtx5070ti-16g-gaming-rtx-5070ti-gddr7-256bit-oc-2xhdmi-3xdp-rgb-d-90yv0md1-m0nm00-kar61824\/","title":{"rendered":"16 GB ASUS TUF-RTX5070TI-16G-GAMING RTX 5070TI GDDR7 256bit OC 2xHDMI 3xDP RGB D \/ 90YV0MD1-M0NM00-KAR61824"},"content":{"rendered":"<p>\u00dcr\u00fcn Ad\u0131: 16 GB ASUS TUF-RTX5070TI-16G-GAMING RTX 5070TI GDDR7 256bit OC 2xHDMI 3xDP RGB D<\/p>\n<p><span dir=\"auto\" style=\"vertical-align: inherit;\"><span dir=\"auto\" style=\"vertical-align: inherit;\">Stok No: KAR61824<\/span><\/span><\/p>\n<p>Stok Kodu:90YV0MD1-M0NM00<\/p>\n<p>Kategori Ad\u0131: Nvidia GeForce<\/p>\n<p><span dir=\"auto\" style=\"vertical-align: inherit;\"><span dir=\"auto\" style=\"vertical-align: inherit;\">EAN Kodu: 4711387878088<\/span><\/span><\/p>\n<p><strong>Stoklar\u0131m\u0131zdaki Anl\u0131k De\u011fi\u015fimlerden Dolay\u0131 \u0130stedi\u011finiz \u00fcr\u00fcn\u00fcn stokta kalmamas\u0131 durumunda sipari\u015finiz iptal edilip \u00dccretiniz iade edilecek ve konu hakk\u0131nda size bilgi verilecektir.<\/strong><\/p>\n<p>Son G\u00fcncellenme Tarihi :16-05-2026 03:01<\/p>\n<p>&nbsp;<\/p>\n","protected":false},"excerpt":{"rendered":"<p>16 GB ASUS TUF-RTX5070TI-16G-GAMING RTX 5070TI GDDR7 256bit OC 2xHDMI 3xDP RGB D &#8211; Stok Kodu:90YV0MD1-M0NM00 -KAR61824 &#8211; Nvidia GeForce. Son G\u00fcncellenme Tarihi :16-05-2026 03:01<\/p>\n","protected":false},"featured_media":749421,"template":"","meta":{"_monsterinsights_skip_tracking":false,"_monsterinsights_sitenote_active":false,"_monsterinsights_sitenote_note":"","_monsterinsights_sitenote_category":0,"_joinchat":[]},"product_brand":[194],"product_cat":[237],"product_tag":[127,128,129,130,131,132,133,134,135,136,137,138,139,140,141,142,143,144,145],"class_list":{"0":"post-749419","1":"product","2":"type-product","3":"status-publish","4":"has-post-thumbnail","6":"product_brand-asus","7":"product_cat-ekran-kartlar","8":"product_tag-anakart","9":"product_tag-bilgisayar","10":"product_tag-bilgisayar-bilesenleri","11":"product_tag-bilgisayar-parcalari","12":"product_tag-dizustu-bilgisayar","13":"product_tag-ekran-karti","14":"product_tag-gaming-bilgisayar","15":"product_tag-gaming-laptop","16":"product_tag-gaming-monitor","17":"product_tag-gaming-mouse","18":"product_tag-guc-kaynagi-psu","19":"product_tag-islemci-cpu","20":"product_tag-klavye","21":"product_tag-laptop","22":"product_tag-masaustu-bilgisayar","23":"product_tag-mekanik-klavye","24":"product_tag-monitor","25":"product_tag-oyun-bilgisayari","26":"product_tag-ssd","27":"pa_marka-asus","29":"first","30":"outofstock","31":"sale","32":"purchasable","33":"product-type-simple"},"aioseo_notices":[],"_links":{"self":[{"href":"https:\/\/www.a8bilisim.com\/index.php\/wp-json\/wp\/v2\/product\/749419","targetHints":{"allow":["GET"]}}],"collection":[{"href":"https:\/\/www.a8bilisim.com\/index.php\/wp-json\/wp\/v2\/product"}],"about":[{"href":"https:\/\/www.a8bilisim.com\/index.php\/wp-json\/wp\/v2\/types\/product"}],"version-history":[{"count":1,"href":"https:\/\/www.a8bilisim.com\/index.php\/wp-json\/wp\/v2\/product\/749419\/revisions"}],"predecessor-version":[{"id":749420,"href":"https:\/\/www.a8bilisim.com\/index.php\/wp-json\/wp\/v2\/product\/749419\/revisions\/749420"}],"wp:featuredmedia":[{"embeddable":true,"href":"https:\/\/www.a8bilisim.com\/index.php\/wp-json\/wp\/v2\/media\/749421"}],"wp:attachment":[{"href":"https:\/\/www.a8bilisim.com\/index.php\/wp-json\/wp\/v2\/media?parent=749419"}],"wp:term":[{"taxonomy":"product_brand","embeddable":true,"href":"https:\/\/www.a8bilisim.com\/index.php\/wp-json\/wp\/v2\/product_brand?post=749419"},{"taxonomy":"product_cat","embeddable":true,"href":"https:\/\/www.a8bilisim.com\/index.php\/wp-json\/wp\/v2\/product_cat?post=749419"},{"taxonomy":"product_tag","embeddable":true,"href":"https:\/\/www.a8bilisim.com\/index.php\/wp-json\/wp\/v2\/product_tag?post=749419"}],"curies":[{"name":"wp","href":"https:\/\/api.w.org\/{rel}","templated":true}]}}