{"id":91367,"date":"2025-10-14T08:22:02","date_gmt":"2025-10-14T05:22:02","guid":{"rendered":"https:\/\/www.a8bilisim.com\/index.php\/urun\/lenovo-4x40y95214-15-6-siyah-thinkpad-basic-notebook-antas-4x40y95214-kar61185\/"},"modified":"2026-01-03T05:26:23","modified_gmt":"2026-01-03T02:26:23","slug":"lenovo-4x40y95214-15-6-siyah-thinkpad-basic-notebook-antas-4x40y95214-kar61185","status":"publish","type":"product","link":"https:\/\/www.a8bilisim.com\/index.php\/urun\/lenovo-4x40y95214-15-6-siyah-thinkpad-basic-notebook-antas-4x40y95214-kar61185\/","title":{"rendered":"LENOVO 4X40Y95214 15.6&#8243; Siyah ThinkPad Basic Notebook &#xC7;antas&#x131; \/ 4X40Y95214-KAR61185"},"content":{"rendered":"<p>\u00dcr\u00fcn Ad\u0131: LENOVO 4X40Y95214 15.6&#8243; Siyah ThinkPad Basic Notebook &#xC7;antas&#x131;<\/p>\n<p>Stok No: KAR61185<\/p>\n<p>Stok Kodu:4X40Y95214<\/p>\n<p>Kategori Ad\u0131: Notebook ve S&#x131;rt &#xC7;antalar&#x131;<\/p>\n<p>Marka:\u00a0 LENOVO<\/p>\n<p>EAN Kodu: 194778185813<\/p>\n<p><strong>Stoklar\u0131m\u0131zdaki Anl\u0131k De\u011fi\u015fimlerden Dolay\u0131 \u0130stedi\u011finiz \u00fcr\u00fcn\u00fcn stokta kalmamas\u0131 durumunda sipari\u015finiz iptal edilip \u00dccretiniz iade edilecek ve konu hakk\u0131nda size bilgi verilecektir.<\/strong><\/p>\n<p>Son G\u00fcncellenme Tarihi :03-01-2026 00:34<\/p>\n<p>&nbsp;<\/p>\n","protected":false},"excerpt":{"rendered":"<p>LENOVO 4X40Y95214 15.6&#8243; Siyah ThinkPad Basic Notebook &#xC7;antas&#x131; &#8211; Stok Kodu:4X40Y95214 -KAR61185 &#8211; Notebook ve S&#x131;rt &#xC7;antalar&#x131;. Son G\u00fcncellenme Tarihi :03-01-2026 00:34<\/p>\n","protected":false},"featured_media":91369,"template":"","meta":{"_monsterinsights_skip_tracking":false,"_monsterinsights_sitenote_active":false,"_monsterinsights_sitenote_note":"","_monsterinsights_sitenote_category":0,"_joinchat":[]},"product_brand":[261],"product_cat":[148],"product_tag":[127,128,129,130,131,132,133,134,135,136,137,138,139,140,141,142,143,144,145],"class_list":{"0":"post-91367","1":"product","2":"type-product","3":"status-publish","4":"has-post-thumbnail","6":"product_brand-lenovo","7":"product_cat-yedek-para-ve-aksesuar","8":"product_tag-anakart","9":"product_tag-bilgisayar","10":"product_tag-bilgisayar-bilesenleri","11":"product_tag-bilgisayar-parcalari","12":"product_tag-dizustu-bilgisayar","13":"product_tag-ekran-karti","14":"product_tag-gaming-bilgisayar","15":"product_tag-gaming-laptop","16":"product_tag-gaming-monitor","17":"product_tag-gaming-mouse","18":"product_tag-guc-kaynagi-psu","19":"product_tag-islemci-cpu","20":"product_tag-klavye","21":"product_tag-laptop","22":"product_tag-masaustu-bilgisayar","23":"product_tag-mekanik-klavye","24":"product_tag-monitor","25":"product_tag-oyun-bilgisayari","26":"product_tag-ssd","27":"pa_marka-lenovo","29":"first","30":"outofstock","31":"sale","32":"purchasable","33":"product-type-simple"},"aioseo_notices":[],"_links":{"self":[{"href":"https:\/\/www.a8bilisim.com\/index.php\/wp-json\/wp\/v2\/product\/91367","targetHints":{"allow":["GET"]}}],"collection":[{"href":"https:\/\/www.a8bilisim.com\/index.php\/wp-json\/wp\/v2\/product"}],"about":[{"href":"https:\/\/www.a8bilisim.com\/index.php\/wp-json\/wp\/v2\/types\/product"}],"version-history":[{"count":47,"href":"https:\/\/www.a8bilisim.com\/index.php\/wp-json\/wp\/v2\/product\/91367\/revisions"}],"predecessor-version":[{"id":405190,"href":"https:\/\/www.a8bilisim.com\/index.php\/wp-json\/wp\/v2\/product\/91367\/revisions\/405190"}],"wp:featuredmedia":[{"embeddable":true,"href":"https:\/\/www.a8bilisim.com\/index.php\/wp-json\/wp\/v2\/media\/91369"}],"wp:attachment":[{"href":"https:\/\/www.a8bilisim.com\/index.php\/wp-json\/wp\/v2\/media?parent=91367"}],"wp:term":[{"taxonomy":"product_brand","embeddable":true,"href":"https:\/\/www.a8bilisim.com\/index.php\/wp-json\/wp\/v2\/product_brand?post=91367"},{"taxonomy":"product_cat","embeddable":true,"href":"https:\/\/www.a8bilisim.com\/index.php\/wp-json\/wp\/v2\/product_cat?post=91367"},{"taxonomy":"product_tag","embeddable":true,"href":"https:\/\/www.a8bilisim.com\/index.php\/wp-json\/wp\/v2\/product_tag?post=91367"}],"curies":[{"name":"wp","href":"https:\/\/api.w.org\/{rel}","templated":true}]}}